{"id":16,"date":"2012-11-21T12:25:50","date_gmt":"2012-11-21T11:25:50","guid":{"rendered":"http:\/\/rvbl.dk\/?page_id=16"},"modified":"2025-06-02T11:07:08","modified_gmt":"2025-06-02T10:07:08","slug":"foreningen","status":"publish","type":"page","link":"https:\/\/rvbl.dk\/?page_id=16","title":{"rendered":"Historie"},"content":{"rendered":"<h3 style=\"text-align: left;\"><\/h3>\n<h3 style=\"text-align: left;\">Historie<\/h3>\n<p>R\u00f8rvig Naturfredningsforening blev stiftet den 30. juli 1926 under navnet &#8220;Foreningen til V\u00e6rn om R\u00f8rvig Sogns Natursk\u00f8nhed&#8221;. Foreningen er s\u00e5ledes en af de \u00e6ldste lokale naturfredningsforeninger i Danmark. Den nuv\u00e6rende foreningen R\u00f8rvig By og Land er dannet den \u00a07. september \u00a02012 ved en fusion af R\u00f8rvig Naturfredningsforening og Bevaringsforeningen for R\u00f8rvig Sogn, hvor R\u00f8rvig Naturfredningsforening blev den forts\u00e6ttende forening.<\/p>\n<p style=\"text-align: center;\">&#8211; o &#8211; O &#8211; o &#8211;<\/p>\n<p>Stiftelsen i 1926 skete i forbindelse med \u00f8nsket om at bevare R\u00f8rvig M\u00f8lle, efter at m\u00f8llens drift blev indstillet i 1924. Foreningens erhvervelse af m\u00f8llen skete i 1927. M\u00f8llen har siden gennemg\u00e5et flere st\u00f8rre istands\u00e6ttelses- og vedligeholdelsesarbejder.<\/p>\n<p>I \u00e5rene efter foreningens dannelse erhvervedes eller overdroges flere arealer til foreningen. I 1930&#8217;erne s\u00e5ledes H\u00f8jsandspladsen, tangen mellem Dybes\u00f8 og Kattegat og Badepladsen nord\u00f8st for havnen. I 1940&#8217;rne omr\u00e5der omkring kirken og festpladsen ved kroen. I 1936 rejste foreningen Byst\u00e6vnet i R\u00f8rvig by. I 1930&#8217;rne gennemf\u00f8rtes en r\u00e6kke fredninger af omr\u00e5der ved H\u00f8jsandet og Skansehagebugten. I perioden 1939-47 gennemf\u00f8rtes de store fredningssager af Korshagearealerne, Langes\u00f8omr\u00e5det, Skredbjerg og Hov Vig, hvor professor Tyge W.B\u00f6cher var en af drivkr\u00e6fterne.<\/p>\n<p>Foreningen fungerede i en lang \u00e5rr\u00e6kke indtil 1989 som lokalkomit\u00e9 for Danmarks Naturfredningsforening. DN etablerede sin egen lokalkomit\u00e9 for Odsherred, som R\u00f8rvig Naturfredningsforening\u00a0 samarbejdede med.<\/p>\n<p>Initiativtager til foreningen stiftelse var den mange\u00e5rige n\u00e6stformand S.V. Hansen, og blandt form\u00e6ndene var sogner\u00e5dsform\u00e6ndene Carl Olsen 1931-44 og 1948-62 og Henry Jacobsen 1962-68. De seneste form\u00e6nd har v\u00e6ret Erik Rosenstand Holst 1973-93 og Bo Br\u00e6strup 1993-2012.<\/p>\n<p style=\"text-align: center;\">&#8211; o &#8211; O &#8211; o &#8211;<\/p>\n<p>Bevaringsforeningen for R\u00f8rvig Sogn blev\u00a0stiftet 16\/12 1978. Form\u00e5let var at arbejde for bevarelse af R\u00f8rvigs gamle huse, s\u00e5ledes at byens og omegnens s\u00e6rpr\u00e6g blev bevaret,\u00a0og at landsbymilj\u00f8et ikke gik tabt.<\/p>\n<p>Omdrejningspunktet i starten var udarbejdelsen af Lokalplan 50 for R\u00f8rvig By, i hvilken forbindelse man ogs\u00e5 udarbejdede registranten for de gamle huse, som udkom i bogform. Senere har man bl.a. v\u00e6ret\u00a0medvirkende til fredningen af Peters Hus.<\/p>\n<p>Foreningen har i en \u00e5rr\u00e6kke haft kontakt med kommunens byggeafdeling, idet man gennemg\u00e5r de fleste byggesager i det gamle kulturmilj\u00f8 for at sikre, at lokalplanernes intentioner overholdes.<\/p>\n<p>Initiativtagere var &#8220;R\u00f8rvig Bevaringsgruppe&#8221; med bl.a. Sven Langhans, Palle Schmidt-Hansen og Ejnar Olsen. Blandt form\u00e6ndene har v\u00e6ret Povl Thormod og Henrik Larsen &#8211; sidstn\u00e6vnte indtil 2012<\/p>\n<p style=\"text-align: center;\">&#8211; o &#8211; O &#8211; o &#8211;<\/p>\n<p>Foreningen R\u00f8rvig By og Land beskrives n\u00e6rmere i underpunkterne til dette menupunkt.<\/p>\n","protected":false},"excerpt":{"rendered":"<p>Historie R\u00f8rvig Naturfredningsforening blev stiftet den 30. juli 1926 under navnet &#8220;Foreningen til V\u00e6rn om R\u00f8rvig Sogns Natursk\u00f8nhed&#8221;. Foreningen er s\u00e5ledes en af de \u00e6ldste lokale naturfredningsforeninger i Danmark. Den nuv\u00e6rende foreningen R\u00f8rvig By og Land er dannet den \u00a07. september \u00a02012 ved en fusion af R\u00f8rvig Naturfredningsforening og Bevaringsforeningen for R\u00f8rvig Sogn, hvor R\u00f8rvig &hellip; <a href=\"https:\/\/rvbl.dk\/?page_id=16\" class=\"more-link\">L\u00e6s videre <span class=\"screen-reader-text\">Historie<\/span> <span class=\"meta-nav\">&rarr;<\/span><\/a><\/p>\n","protected":false},"author":1,"featured_media":0,"parent":0,"menu_order":2,"comment_status":"closed","ping_status":"closed","template":"","meta":{"footnotes":""},"class_list":["post-16","page","type-page","status-publish","hentry"],"_links":{"self":[{"href":"https:\/\/rvbl.dk\/index.php?rest_route=\/wp\/v2\/pages\/16","targetHints":{"allow":["GET"]}}],"collection":[{"href":"https:\/\/rvbl.dk\/index.php?rest_route=\/wp\/v2\/pages"}],"about":[{"href":"https:\/\/rvbl.dk\/index.php?rest_route=\/wp\/v2\/types\/page"}],"author":[{"embeddable":true,"href":"https:\/\/rvbl.dk\/index.php?rest_route=\/wp\/v2\/users\/1"}],"replies":[{"embeddable":true,"href":"https:\/\/rvbl.dk\/index.php?rest_route=%2Fwp%2Fv2%2Fcomments&post=16"}],"version-history":[{"count":20,"href":"https:\/\/rvbl.dk\/index.php?rest_route=\/wp\/v2\/pages\/16\/revisions"}],"predecessor-version":[{"id":4358,"href":"https:\/\/rvbl.dk\/index.php?rest_route=\/wp\/v2\/pages\/16\/revisions\/4358"}],"wp:attachment":[{"href":"https:\/\/rvbl.dk\/index.php?rest_route=%2Fwp%2Fv2%2Fmedia&parent=16"}],"curies":[{"name":"wp","href":"https:\/\/api.w.org\/{rel}","templated":true}]}}