{"id":1906,"date":"2016-09-09T20:37:46","date_gmt":"2016-09-09T19:37:46","guid":{"rendered":"http:\/\/rvbl.dk\/?page_id=1906"},"modified":"2018-10-14T17:02:23","modified_gmt":"2018-10-14T16:02:23","slug":"1906-2","status":"publish","type":"page","link":"https:\/\/rvbl.dk\/?page_id=1906","title":{"rendered":"PDF-plancher"},"content":{"rendered":"<p><strong>PDF-plancher fra Troels Brandts foredrag om 1. del af R\u00f8rvigs historie<\/strong><\/p>\n<p>Hvis du har Powerpoint, kan pr\u00e6sentationen k\u00f8res animeret ved download af PDF-filen. Tryk her p\u00e5 <span style=\"color: #3366ff;\"><strong><a style=\"color: #3366ff;\" href=\"http:\/\/rvbl.dk\/wp-content\/uploads\/Kystudvikling-og-Vikingetid.pptx\">Kystudvikling og Vikingetid<\/a><\/strong><\/span>, \u00c5bn for download (normalt nederste venstre hj\u00f8rne), tryk &#8220;Tillad&#8221;\u00a0og pr\u00e6senter derefter materialet som &#8220;slideshow&#8221;.<\/p>\n<p>Ellers kan pr\u00e6sentationen vises nedenfor i browseren som faste plancher (skift p\u00e5 pile i nederste venstre hj\u00f8rne):<br \/>\n<a href=\"https:\/\/rvbl.dk\/wp-content\/uploads\/Kystudvikling-og-Havn.pdf\" class=\"pdfemb-viewer\" style=\"\" data-width=\"max\" data-height=\"max\" data-toolbar=\"bottom\" data-toolbar-fixed=\"on\">Kystudvikling og Havn<\/a><\/p>\n","protected":false},"excerpt":{"rendered":"<p>PDF-plancher fra Troels Brandts foredrag om 1. del af R\u00f8rvigs historie Hvis du har Powerpoint, kan pr\u00e6sentationen k\u00f8res animeret ved download af PDF-filen. Tryk her p\u00e5 Kystudvikling og Vikingetid, \u00c5bn for download (normalt nederste venstre hj\u00f8rne), tryk &#8220;Tillad&#8221;\u00a0og pr\u00e6senter derefter materialet som &#8220;slideshow&#8221;. Ellers kan pr\u00e6sentationen vises nedenfor i browseren som faste plancher (skift p\u00e5 &hellip; <a href=\"https:\/\/rvbl.dk\/?page_id=1906\" class=\"more-link\">L\u00e6s videre <span class=\"screen-reader-text\">PDF-plancher<\/span> <span class=\"meta-nav\">&rarr;<\/span><\/a><\/p>\n","protected":false},"author":1,"featured_media":0,"parent":57,"menu_order":0,"comment_status":"closed","ping_status":"closed","template":"","meta":{"footnotes":""},"class_list":["post-1906","page","type-page","status-publish","hentry"],"_links":{"self":[{"href":"https:\/\/rvbl.dk\/index.php?rest_route=\/wp\/v2\/pages\/1906","targetHints":{"allow":["GET"]}}],"collection":[{"href":"https:\/\/rvbl.dk\/index.php?rest_route=\/wp\/v2\/pages"}],"about":[{"href":"https:\/\/rvbl.dk\/index.php?rest_route=\/wp\/v2\/types\/page"}],"author":[{"embeddable":true,"href":"https:\/\/rvbl.dk\/index.php?rest_route=\/wp\/v2\/users\/1"}],"replies":[{"embeddable":true,"href":"https:\/\/rvbl.dk\/index.php?rest_route=%2Fwp%2Fv2%2Fcomments&post=1906"}],"version-history":[{"count":21,"href":"https:\/\/rvbl.dk\/index.php?rest_route=\/wp\/v2\/pages\/1906\/revisions"}],"predecessor-version":[{"id":2223,"href":"https:\/\/rvbl.dk\/index.php?rest_route=\/wp\/v2\/pages\/1906\/revisions\/2223"}],"up":[{"embeddable":true,"href":"https:\/\/rvbl.dk\/index.php?rest_route=\/wp\/v2\/pages\/57"}],"wp:attachment":[{"href":"https:\/\/rvbl.dk\/index.php?rest_route=%2Fwp%2Fv2%2Fmedia&parent=1906"}],"curies":[{"name":"wp","href":"https:\/\/api.w.org\/{rel}","templated":true}]}}