{"id":2,"date":"2012-11-21T10:20:07","date_gmt":"2012-11-21T10:20:07","guid":{"rendered":"http:\/\/rvbl.dk\/?page_id=2"},"modified":"2024-09-11T15:56:50","modified_gmt":"2024-09-11T14:56:50","slug":"eksempel-side","status":"publish","type":"page","link":"https:\/\/rvbl.dk\/?page_id=2","title":{"rendered":"Bevaringsforeningen R\u00f8rvig By og Land"},"content":{"rendered":"<p>Foreningen R\u00f8rvig By og Land er dannet i 2012 ved en fusion af Bevaringsforeningen for R\u00f8rvig Sogn og R\u00f8rvig Naturfredningsforening. Foreningens historie g\u00e5r tilbage til 1926 i forbindelse med erhvervelsen af R\u00f8rvig M\u00f8lle.<\/p>\n<p>M\u00f8llen vedligeholdes fortsat af foreningen. Siden har man opk\u00f8bt og fredet en del naturgrunde.<\/p>\n<figure id=\"attachment_723\" aria-describedby=\"caption-attachment-723\" style=\"width: 300px\" class=\"wp-caption alignleft\"><a href=\"http:\/\/rvbl.dk\/wp-content\/uploads\/RoervigMoelle21.jpg\"><img loading=\"lazy\" decoding=\"async\" class=\"size-medium wp-image-723\" title=\"R\u00f8rvig M\u00f8lle - Klik for st\u00f8rre udgave\" src=\"http:\/\/rvbl.dk\/wp-content\/uploads\/RoervigMoelle21-300x211.jpg\" alt=\"R\u00f8rvig M\u00f8lle\" width=\"300\" height=\"211\" srcset=\"https:\/\/rvbl.dk\/wp-content\/uploads\/RoervigMoelle21-300x211.jpg 300w, https:\/\/rvbl.dk\/wp-content\/uploads\/RoervigMoelle21-1024x721.jpg 1024w\" sizes=\"auto, (max-width: 300px) 100vw, 300px\" \/><\/a><figcaption id=\"caption-attachment-723\" class=\"wp-caption-text\">R\u00f8rvig M\u00f8lle &#8211; en af foreningens ejendomme<\/figcaption><\/figure>\n<p>Foreningen har ca. 625 medlemmer &#8211; fortrinsvis fastboende og sommerhusejere.<\/p>\n<p>Foreningens form\u00e5l er at udbrede kendskabet til og sikre de v\u00e6rdier, som har gjort og fortsat kan g\u00f8re R\u00f8rvig til et attraktivt sted for fastboende, landliggere&nbsp; og g\u00e6ster, samt at arbejde for beskyttelse og pleje af v\u00e6rdifuld natur og bevaringsv\u00e6rdige bygninger. Indsatsen skal rettes mod historie, kulturmilj\u00f8, bevaringsv\u00e6rdige bygninger samt natur- og landskabsv\u00e6rdier inden for R\u00f8rvig-omr\u00e5det.<\/p>\n<p>Vi udgiver medlemsbladet R\u00f8rvig By og Land, der udkommer to gange om \u00e5ret.<\/p>\n<p>Foreningen er medlem af Danmarks Naturfredningsforening og af Landsforeningen for Bygnings- og Landskabskultur (By og Land)<\/p>\n","protected":false},"excerpt":{"rendered":"<p>Foreningen R\u00f8rvig By og Land er dannet i 2012 ved en fusion af Bevaringsforeningen for R\u00f8rvig Sogn og R\u00f8rvig Naturfredningsforening. Foreningens historie g\u00e5r tilbage til 1926 i forbindelse med erhvervelsen af R\u00f8rvig M\u00f8lle. M\u00f8llen vedligeholdes fortsat af foreningen. Siden har man opk\u00f8bt og fredet en del naturgrunde. Foreningen har ca. 625 medlemmer &#8211; fortrinsvis fastboende &hellip; <a href=\"https:\/\/rvbl.dk\/?page_id=2\" class=\"more-link\">L\u00e6s videre <span class=\"screen-reader-text\">Bevaringsforeningen R\u00f8rvig By og Land<\/span> <span class=\"meta-nav\">&rarr;<\/span><\/a><\/p>\n","protected":false},"author":1,"featured_media":0,"parent":0,"menu_order":1,"comment_status":"open","ping_status":"open","template":"","meta":{"footnotes":""},"class_list":["post-2","page","type-page","status-publish","hentry"],"_links":{"self":[{"href":"https:\/\/rvbl.dk\/index.php?rest_route=\/wp\/v2\/pages\/2","targetHints":{"allow":["GET"]}}],"collection":[{"href":"https:\/\/rvbl.dk\/index.php?rest_route=\/wp\/v2\/pages"}],"about":[{"href":"https:\/\/rvbl.dk\/index.php?rest_route=\/wp\/v2\/types\/page"}],"author":[{"embeddable":true,"href":"https:\/\/rvbl.dk\/index.php?rest_route=\/wp\/v2\/users\/1"}],"replies":[{"embeddable":true,"href":"https:\/\/rvbl.dk\/index.php?rest_route=%2Fwp%2Fv2%2Fcomments&post=2"}],"version-history":[{"count":64,"href":"https:\/\/rvbl.dk\/index.php?rest_route=\/wp\/v2\/pages\/2\/revisions"}],"predecessor-version":[{"id":4224,"href":"https:\/\/rvbl.dk\/index.php?rest_route=\/wp\/v2\/pages\/2\/revisions\/4224"}],"wp:attachment":[{"href":"https:\/\/rvbl.dk\/index.php?rest_route=%2Fwp%2Fv2%2Fmedia&parent=2"}],"curies":[{"name":"wp","href":"https:\/\/api.w.org\/{rel}","templated":true}]}}