{"id":34,"date":"2012-11-21T13:49:39","date_gmt":"2012-11-21T12:49:39","guid":{"rendered":"http:\/\/rvbl.dk\/?page_id=34"},"modified":"2026-04-10T09:43:42","modified_gmt":"2026-04-10T08:43:42","slug":"bestyrelsen","status":"publish","type":"page","link":"https:\/\/rvbl.dk\/?page_id=34","title":{"rendered":"Bestyrelsen"},"content":{"rendered":"\n<p>Referater fra bestyrelsesm\u00f8derne, findes nederst p\u00e5 siden her. <\/p>\n\n\n\n<div class=\"wp-block-media-text alignwide is-stacked-on-mobile is-vertically-aligned-top\" style=\"grid-template-columns:29% auto\"><figure class=\"wp-block-media-text__media\"><img loading=\"lazy\" decoding=\"async\" width=\"740\" height=\"1024\" src=\"https:\/\/rvbl.dk\/wp-content\/uploads\/Lene-H.-SH-740x1024.jpg\" alt=\"\" class=\"wp-image-2683 size-full\" srcset=\"https:\/\/rvbl.dk\/wp-content\/uploads\/Lene-H.-SH-740x1024.jpg 740w, https:\/\/rvbl.dk\/wp-content\/uploads\/Lene-H.-SH-217x300.jpg 217w, https:\/\/rvbl.dk\/wp-content\/uploads\/Lene-H.-SH-768x1063.jpg 768w, https:\/\/rvbl.dk\/wp-content\/uploads\/Lene-H.-SH-1109x1536.jpg 1109w, https:\/\/rvbl.dk\/wp-content\/uploads\/Lene-H.-SH-1479x2048.jpg 1479w, https:\/\/rvbl.dk\/wp-content\/uploads\/Lene-H.-SH-scaled.jpg 1849w\" sizes=\"auto, (max-width: 740px) 100vw, 740px\" \/><\/figure><div class=\"wp-block-media-text__content\">\n<p><strong>Forperson<\/strong><br>Lene Hjorth<br>Rentemestervej 51T<br>2450 K\u00f8benhavn NV<br>Tlf.40 50 90 70<br>lene@lenehjorth.dk<br>Forretningsudvalget<\/p>\n\n\n\n<p><\/p>\n\n\n\n<p><\/p>\n<\/div><\/div>\n\n\n\n<div class=\"wp-block-group\"><div class=\"wp-block-group__inner-container is-layout-constrained wp-block-group-is-layout-constrained\">\n<div class=\"wp-block-columns is-layout-flex wp-container-core-columns-is-layout-9d6595d7 wp-block-columns-is-layout-flex\">\n<div class=\"wp-block-column is-vertically-aligned-top is-layout-flow wp-block-column-is-layout-flow\" style=\"flex-basis:30%\">\n<figure class=\"wp-block-image size-full is-resized\"><img loading=\"lazy\" decoding=\"async\" width=\"214\" height=\"320\" src=\"https:\/\/rvbl.dk\/wp-content\/uploads\/Arne-Oe-J-5.jpg\" alt=\"\" class=\"wp-image-3597\" style=\"width:140px;height:209px\" srcset=\"https:\/\/rvbl.dk\/wp-content\/uploads\/Arne-Oe-J-5.jpg 214w, https:\/\/rvbl.dk\/wp-content\/uploads\/Arne-Oe-J-5-201x300.jpg 201w\" sizes=\"auto, (max-width: 214px) 100vw, 214px\" \/><\/figure>\n<\/div>\n\n\n\n<div class=\"wp-block-column is-layout-flow wp-block-column-is-layout-flow\" style=\"flex-basis:60%\">\n<p><strong>Bestyrelsesmedlem<\/strong><br>Arne J\u00f8rgensen<br>M\u00f8lleg\u00e5rdsv\u00e6nget 14,<br>4581 R\u00f8rvig.<br>Tlf. 53 88 42 62<br>Mail: arneojorgensen50@gmail.com<br><br><\/p>\n<\/div>\n<\/div>\n\n\n\n<div class=\"wp-block-columns is-layout-flex wp-container-core-columns-is-layout-9d6595d7 wp-block-columns-is-layout-flex\">\n<div class=\"wp-block-column is-layout-flow wp-block-column-is-layout-flow\" style=\"flex-basis:30%\"><\/div>\n\n\n\n<div class=\"wp-block-column is-layout-flow wp-block-column-is-layout-flow\" style=\"flex-basis:66.66%\">\n<p><strong>Kasserer<br \/><\/strong>Anders Kl\u00fcver Rasmussen<br \/>Rentemestervej 51T<br \/>2450 K\u00f8benhavn NV<br \/>Tlf. 30 35 95 75<br \/>Mail: anders@kluvermanagement.dk<br \/>Forretningsudvalget<\/p>\n<\/div>\n<\/div>\n<\/div><\/div>\n\n\n\n<div class=\"wp-block-group\"><div class=\"wp-block-group__inner-container is-layout-flow wp-block-group-is-layout-flow\">\n<div class=\"wp-block-group\"><div class=\"wp-block-group__inner-container is-layout-flow wp-block-group-is-layout-flow\">\n<div class=\"wp-block-group\"><div class=\"wp-block-group__inner-container is-layout-constrained wp-block-group-is-layout-constrained\">\n<div class=\"wp-block-columns are-vertically-aligned-bottom is-layout-flex wp-container-core-columns-is-layout-9d6595d7 wp-block-columns-is-layout-flex\">\n<div class=\"wp-block-column is-vertically-aligned-bottom is-layout-flow wp-block-column-is-layout-flow\" style=\"flex-basis:33%\"><\/div>\n\n\n\n<div class=\"wp-block-column is-vertically-aligned-bottom is-layout-flow wp-block-column-is-layout-flow\" style=\"flex-basis:66%\">\n<div class=\"wp-block-group is-vertical is-nowrap is-layout-flex wp-container-core-group-is-layout-fc43baa9 wp-block-group-is-layout-flex\">\n<div class=\"wp-block-columns is-layout-flex wp-container-core-columns-is-layout-9d6595d7 wp-block-columns-is-layout-flex\">\n<div class=\"wp-block-column is-layout-flow wp-block-column-is-layout-flow\" style=\"flex-basis:100%\">\n<p><strong>Bestyrelsesmedlem<br \/><\/strong>Alf Theilgaard<br \/>Toldbodvej 21<br \/>4581 R\u00f8rvig.<br \/>Tlf: 3026 3073<br \/>Mail: alf.theilgaard@toldbodvej21.dk<\/p>\n<\/div>\n<\/div>\n<\/div>\n\n\n\n<p><strong>Bestyrelsesmedlem<\/strong><br>Tue Broby Troest<br>Mail: tuebroby11@gmail.com<\/p>\n\n\n\n<p><strong>Bestyrelsesmedlem<\/strong><br>Michael Meyerheim<br>Mail: michael.meyerheim@gmail.com<br>Forperson Kommunikationsudvalget<\/p>\n\n\n\n<p><strong>Bestyrelsesmedlem<\/strong>                                                              Anders Holst                                                              andersholst74@ggmail.com<br> Tlf.: 2627 9092<\/p>\n<\/div>\n<\/div>\n\n\n\n<p><\/p>\n<\/div><\/div>\n\n\n\n<div class=\"wp-block-media-text alignwide is-stacked-on-mobile\" style=\"grid-template-columns:29% auto\"><figure class=\"wp-block-media-text__media\"><img loading=\"lazy\" decoding=\"async\" width=\"683\" height=\"1024\" src=\"https:\/\/rvbl.dk\/wp-content\/uploads\/anne-bornoe-portraet-1a_-683x1024.jpg\" alt=\"\" class=\"wp-image-2713 size-full\" srcset=\"https:\/\/rvbl.dk\/wp-content\/uploads\/anne-bornoe-portraet-1a_-683x1024.jpg 683w, https:\/\/rvbl.dk\/wp-content\/uploads\/anne-bornoe-portraet-1a_-200x300.jpg 200w, https:\/\/rvbl.dk\/wp-content\/uploads\/anne-bornoe-portraet-1a_-768x1152.jpg 768w, https:\/\/rvbl.dk\/wp-content\/uploads\/anne-bornoe-portraet-1a_-1024x1536.jpg 1024w, https:\/\/rvbl.dk\/wp-content\/uploads\/anne-bornoe-portraet-1a_-1365x2048.jpg 1365w, https:\/\/rvbl.dk\/wp-content\/uploads\/anne-bornoe-portraet-1a_-scaled.jpg 1707w\" sizes=\"auto, (max-width: 683px) 100vw, 683px\" \/><\/figure><div class=\"wp-block-media-text__content\">\n<p><\/p>\n\n\n\n<p><strong>Bestyrelsesmedlem<\/strong> <br>Anne Born\u00f8<br>Frederiksberg Alle 38,3<br>1820 Frederiksberg C.<br>Tlf.: 27 28 01 04<br>rvbl@bornoe.dk<br>Forperson Aktivitetsudvalget<\/p>\n\n\n\n<p><\/p>\n\n\n\n<p><\/p>\n<\/div><\/div>\n<\/div><\/div>\n\n\n\n<div class=\"wp-block-columns alignwide is-layout-flex wp-container-core-columns-is-layout-9d6595d7 wp-block-columns-is-layout-flex\">\n<div class=\"wp-block-column is-vertically-aligned-bottom is-layout-flow wp-block-column-is-layout-flow\"><\/div>\n<\/div>\n\n\n\n<div class=\"wp-block-columns is-layout-flex wp-container-core-columns-is-layout-9d6595d7 wp-block-columns-is-layout-flex\">\n<div class=\"wp-block-column is-layout-flow wp-block-column-is-layout-flow\" style=\"flex-basis:100%\">\n<div class=\"wp-block-columns is-layout-flex wp-container-core-columns-is-layout-9d6595d7 wp-block-columns-is-layout-flex\">\n<div class=\"wp-block-column is-layout-flow wp-block-column-is-layout-flow\" style=\"flex-basis:33.33%\"><\/div>\n\n\n\n<div class=\"wp-block-column is-layout-flow wp-block-column-is-layout-flow\" style=\"flex-basis:66.66%\">\n<h2 class=\"wp-block-heading\" style=\"font-size:16px\"><\/h2>\n\n\n\n<p><\/p>\n<\/div>\n<\/div>\n<\/div>\n<\/div>\n\n\n\n<div class=\"wp-block-columns is-layout-flex wp-container-core-columns-is-layout-9d6595d7 wp-block-columns-is-layout-flex\">\n<div class=\"wp-block-column is-layout-flow wp-block-column-is-layout-flow\" style=\"flex-basis:33.33%\">\n<figure class=\"wp-block-image size-full\"><img loading=\"lazy\" decoding=\"async\" width=\"226\" height=\"336\" src=\"https:\/\/rvbl.dk\/wp-content\/uploads\/Ole-Wiborg-s-h-2.jpeg\" alt=\"\" class=\"wp-image-3743\" srcset=\"https:\/\/rvbl.dk\/wp-content\/uploads\/Ole-Wiborg-s-h-2.jpeg 226w, https:\/\/rvbl.dk\/wp-content\/uploads\/Ole-Wiborg-s-h-2-202x300.jpeg 202w\" sizes=\"auto, (max-width: 226px) 100vw, 226px\" \/><\/figure>\n<\/div>\n\n\n\n<div class=\"wp-block-column is-layout-flow wp-block-column-is-layout-flow\" style=\"flex-basis:66.66%\">\n<h2 class=\"wp-block-heading\" style=\"font-size:16px\">Bestyrelsesmedlem<\/h2>\n\n\n\n<p>Ole Wiborg<br>S\u00f8ndervangsvej 3,<br>4581 R\u00f8rvig.<br>Tlf.:  40 79 00 32<br>olewiborg@privat.dk<\/p>\n<\/div>\n<\/div>\n\n\n\n\n\n<p><a href=\"https:\/\/rvbl.dk\/wp-content\/uploads\/Referat-bestyrelsesmoede-28-juni-2025.pdf\">Bestyrelsesm\u00f8de d. 28. juni 2025   <\/a><\/p>\n\n\n\n<p><a href=\"https:\/\/rvbl.dk\/wp-content\/uploads\/Referat.RVBL_.maj25.pdf\">Bestyrelsesm\u00f8de d.11. maj 2025<\/a><\/p>\n\n\n\n<p><a href=\"https:\/\/rvbl.dk\/wp-content\/uploads\/Referat-af-1.pdf\">Bestyrelsesm\u00f8de d. 9. marts 2025<\/a><\/p>\n\n\n\n<p><a href=\"https:\/\/rvbl.dk\/wp-content\/uploads\/Bestyrelsesmoede-rvbl.-ref-jan-25-akr.pdf\">Bestyrelsesm\u00f8de d. 12.januar 2025<\/a><\/p>\n\n\n\n<p><a href=\"https:\/\/rvbl.dk\/wp-content\/uploads\/Bestyrelsesmoede.-18.12.24.-ref-akr3.pdf\">Bestyrelsesm\u00f8de d. 18. december 2024<\/a><\/p>\n\n\n\n<p><a href=\"https:\/\/rvbl.dk\/wp-content\/uploads\/Referat-bestyrelsesmoede-261024F-1.pdf\">Bestyrelsesm\u00f8de d. 26. oktober 2024 <\/a><\/p>\n\n\n\n<p><a href=\"https:\/\/rvbl.dk\/wp-content\/uploads\/Referat-bestyrelsesmoede-140924-akr.pdf\">Bestyrelsesm\u00f8de d. 14. september  2024<\/a><\/p>\n\n\n\n<p><a href=\"https:\/\/rvbl.dk\/wp-content\/uploads\/Referat-bestyrelsesmoede-100824.pdf\">Bestyrelsesm\u00f8de d. 10. august 2024<\/a><\/p>\n\n\n\n<p><a href=\"https:\/\/rvbl.dk\/wp-content\/uploads\/Referat-bestyrelsesmoede-260324_final.pdf\">Bestyrelsesm\u00f8de d. 26. marts 2024<\/a><\/p>\n\n\n\n<p><a href=\"https:\/\/rvbl.dk\/wp-content\/uploads\/Referat-bestyrelsesmoede-250124_final.pdf\">Bestyrelsesm\u00f8de d.25. januar 2024<\/a><\/p>\n\n\n\n<p><a href=\"https:\/\/rvbl.dk\/wp-content\/uploads\/Referat-Bestyrelsmoede-den-29-oktober-2023.pdf\">Bestyrelsesm\u00f8de d. 29. oktober 2023<\/a><\/p>\n\n\n\n<p><a href=\"https:\/\/rvbl.dk\/wp-content\/uploads\/referat-bestyrelsesmoede-3.9.2023.pdf\">Bestyrelsesm\u00f8de d.3.september 2023<\/a><\/p>\n\n\n\n<p><a href=\"https:\/\/rvbl.dk\/wp-content\/uploads\/Forretningsorden-RVBL-bestyrelse-2023-24.pdf\">Forretningsorden for bestyrelsen d. 9. juli 2023<\/a><\/p>\n\n\n\n<p><a href=\"https:\/\/rvbl.dk\/wp-content\/uploads\/Referat-konstituerende-Bestyrelsmoede-den-9.-juli-2023-1.pdf\">Bestyrelsesm\u00f8de d.9.juli 2023<\/a><\/p>\n\n\n\n\n\n<p><a href=\"https:\/\/rvbl.dk\/wp-content\/uploads\/Notat-fra-RVBL-Bestyrelsesmoede-14-maj-2023.pdf\">Bestyrelsesm\u00f8de 14.maj 2023<\/a><br><br><a href=\"https:\/\/rvbl.dk\/wp-content\/uploads\/Notat-fra-RVBL-Bestyrelsesmoede-19-marts-2023.pdf\">Bestyrelsesm\u00f8de 19. marts 2023<\/a>.<\/p>\n\n\n\n<p><strong><a href=\"https:\/\/rvbl.dk\/wp-content\/uploads\/Notat-fra-RVBL-Bestyrelsesmoede-15-januar-2023.pdf\">Bestyrelsesm\u00f8de 15.  januar 2023<\/a><\/strong><\/p>\n\n\n\n<h2 class=\"wp-block-heading\" style=\"font-size:15px\"><a href=\"https:\/\/rvbl.dk\/wp-content\/uploads\/Notat-fra-RVBL-Bestyrelsesmoede-20-november-2022-2.pdf\">Bestyrelsesm\u00f8de 20. november 2022<\/a><\/h2>\n\n\n\n<h2 class=\"wp-block-heading\" style=\"font-size:15px\"><a href=\"https:\/\/rvbl.dk\/wp-content\/uploads\/Notat-fra-RVBL-Bestyrelsesmoede-23-juli-2022-1.pdf\">Bestyrelsesm\u00f8de 23.juli 2022<\/a><\/h2>\n\n\n\n<h2 class=\"wp-block-heading\" style=\"font-size:15px\"><a href=\"https:\/\/rvbl.dk\/wp-content\/uploads\/Bestyrelsesmoede-15.-maj-2022-2.pdf\">Bestyrelsesm\u00f8de 15. maj 2022<\/a><\/h2>\n\n\n\n<p><a href=\"https:\/\/rvbl.dk\/wp-content\/uploads\/RVBL-protokol-24.-april-2022.pdf\">Bestyrelsesm\u00f8de 24. april 2022 (protokollat)<\/a><\/p>\n\n\n\n<p>B<a href=\"https:\/\/rvbl.dk\/wp-content\/uploads\/RVBL-240422-Notat-fra-moede-final1-2.pdf\">estyrelsesm\u00f8de 24. april 2022<\/a><\/p>\n\n\n\n<p><a href=\"https:\/\/rvbl.dk\/wp-content\/uploads\/RVBL-220306-rev-Forretningsudvalg-120322-2.pdf\">Bestyrelsesm\u00f8de 6. marts 2022<\/a><\/p>\n\n\n\n<p>B<a href=\"https:\/\/rvbl.dk\/wp-content\/uploads\/Best-moede-8-jan-22-referat.pdf\">estyrelsesm\u00f8de 8. januar 2022<\/a><br><br><a href=\"https:\/\/rvbl.dk\/wp-content\/uploads\/Best-moede-5-dec-21-referat.pdf\">Bestyrelsesm\u00f8de 5. december 2021<\/a><br><br><a href=\"https:\/\/rvbl.dk\/wp-content\/uploads\/Bilag-moede-5.-dec-21-alt-dagsorden.pdf\">Bilag bestyrelsesm\u00f8de 5. december 2021<\/a><\/p>\n\n\n\n<p><a href=\"https:\/\/rvbl.dk\/wp-content\/uploads\/Moelleudvalget-15-nov-21-referat.pdf\">M\u00f8lleudvalgsm\u00f8de 15.  november 2021<\/a><\/p>\n\n\n\n<p>Bes<a href=\"https:\/\/rvbl.dk\/wp-content\/uploads\/Ekstraord-best-moede-9-nov-21-referat-002.pdf\">tyrelsesm\u00f8de 9. november 2021<\/a><\/p>\n\n\n\n<p><a href=\"https:\/\/rvbl.dk\/wp-content\/uploads\/RVBL-Bestyrelsesmoede-28.10.2021-dagsorden.pdf\">Bestyrelses m\u00f8de 28. oktober 2021<\/a><br><br><a href=\"https:\/\/rvbl.dk\/wp-content\/uploads\/Referat-af-bestyrelsesmoede-den-10.10.21-Lene.pdf\">Bestyrelsesm\u00f8de 10. oktober 2021<\/a><\/p>\n\n\n\n<p><a href=\"https:\/\/rvbl.dk\/wp-content\/uploads\/Best-moede-4-sep-21-referat.pdf\" data-type=\"URL\">Bestyrelsesm\u00f8de 4. sept. 2021<\/a><\/p>\n\n\n\n<h2 class=\"wp-block-heading has-normal-font-size\" id=\"bestyrelsesmode-14-juli-2021bestyrelsesmode-30-maj-2021\"><mark style=\"background-color:rgba(0, 0, 0, 0)\" class=\"has-inline-color has-green-color\"><a href=\"https:\/\/rvbl.dk\/wp-content\/uploads\/Best-moede-14-jul-21-referat.pdf\">Bestyrelsesm\u00f8de 14. juli  2021<\/a><\/mark><br><br><a href=\"https:\/\/rvbl.dk\/wp-content\/uploads\/Best-moede-30-maj-21-referat-pddf.pdf\" data-type=\"URL\" data-id=\"https:\/\/rvbl.dk\/wp-content\/uploads\/Best-moede-30-maj-21-referat-pddf.pdf\"><br>Bestyrelsesm\u00f8de 30. maj 2021<\/a><\/h2>\n\n\n\n<div class=\"wp-block-file\"><a id=\"wp-block-file--media-ab8a7f7b-00d4-4aa3-8d3e-2d998f7ddab6\" href=\"https:\/\/rvbl.dk\/wp-content\/uploads\/Best-moede-20-sep-20-referat-1.pdf\">Best-moede-20-sep-20-referat-1<\/a><a href=\"https:\/\/rvbl.dk\/wp-content\/uploads\/Best-moede-20-sep-20-referat-1.pdf\" class=\"wp-block-file__button wp-element-button\" download aria-describedby=\"wp-block-file--media-ab8a7f7b-00d4-4aa3-8d3e-2d998f7ddab6\">Download<\/a><\/div>\n\n\n\n<div class=\"wp-block-file\"><a id=\"wp-block-file--media-4b410690-9e81-4e6e-a40b-6c953b049e57\" href=\"https:\/\/rvbl.dk\/wp-content\/uploads\/RVBL-Referat-16082020.pdf\"><br>RVBL-Referat-16082020<\/a><a href=\"https:\/\/rvbl.dk\/wp-content\/uploads\/RVBL-Referat-16082020.pdf\" class=\"wp-block-file__button wp-element-button\" download aria-describedby=\"wp-block-file--media-4b410690-9e81-4e6e-a40b-6c953b049e57\">Download<\/a><\/div>\n\n\n\n<h2 class=\"wp-block-heading\" id=\"dokumenter\">Dokumenter<\/h2>\n\n\n\n<p><a href=\"https:\/\/rvbl.dk\/wp-content\/uploads\/Forretningsorden-Bestyrelse-for-Roervig-By-og-Land-2022-2023.pdf\">Forretningsorden 2022-2023<\/a><\/p>\n\n\n\n<p><\/p>\n<\/div><\/div>\n\n\n\n<div class=\"wp-block-file\"><a id=\"wp-block-file--media-a4d4f0e4-1f0d-45da-ba18-36c3e53bb4e6\" href=\"https:\/\/rvbl.dk\/wp-content\/uploads\/Kommunikationsstrategi-for-RVBL-2.pdf\">Kommunikationsstrategi-for-RVBL-2<\/a><a href=\"https:\/\/rvbl.dk\/wp-content\/uploads\/Kommunikationsstrategi-for-RVBL-2.pdf\" class=\"wp-block-file__button wp-element-button\" download aria-describedby=\"wp-block-file--media-a4d4f0e4-1f0d-45da-ba18-36c3e53bb4e6\">Download<\/a><\/div>\n","protected":false},"excerpt":{"rendered":"<p>Referater fra bestyrelsesm\u00f8derne, findes nederst p\u00e5 siden her. ForpersonLene HjorthRentemestervej 51T2450 K\u00f8benhavn NVTlf.40 50 90 70lene@lenehjorth.dkForretningsudvalget BestyrelsesmedlemArne J\u00f8rgensenM\u00f8lleg\u00e5rdsv\u00e6nget 14,4581 R\u00f8rvig.Tlf. 53 88 42 62Mail: arneojorgensen50@gmail.com KassererAnders Kl\u00fcver RasmussenRentemestervej 51T2450 K\u00f8benhavn NVTlf. 30 35 95 75Mail: anders@kluvermanagement.dkForretningsudvalget BestyrelsesmedlemAlf TheilgaardToldbodvej 214581 R\u00f8rvig.Tlf: 3026 3073Mail: alf.theilgaard@toldbodvej21.dk BestyrelsesmedlemTue Broby TroestMail: tuebroby11@gmail.com BestyrelsesmedlemMichael MeyerheimMail: michael.meyerheim@gmail.comForperson Kommunikationsudvalget Bestyrelsesmedlem Anders Holst andersholst74@ggmail.com &hellip; <a href=\"https:\/\/rvbl.dk\/?page_id=34\" class=\"more-link\">L\u00e6s videre <span class=\"screen-reader-text\">Bestyrelsen<\/span> <span class=\"meta-nav\">&rarr;<\/span><\/a><\/p>\n","protected":false},"author":1,"featured_media":0,"parent":16,"menu_order":2,"comment_status":"closed","ping_status":"closed","template":"","meta":{"footnotes":""},"class_list":["post-34","page","type-page","status-publish","hentry"],"_links":{"self":[{"href":"https:\/\/rvbl.dk\/index.php?rest_route=\/wp\/v2\/pages\/34","targetHints":{"allow":["GET"]}}],"collection":[{"href":"https:\/\/rvbl.dk\/index.php?rest_route=\/wp\/v2\/pages"}],"about":[{"href":"https:\/\/rvbl.dk\/index.php?rest_route=\/wp\/v2\/types\/page"}],"author":[{"embeddable":true,"href":"https:\/\/rvbl.dk\/index.php?rest_route=\/wp\/v2\/users\/1"}],"replies":[{"embeddable":true,"href":"https:\/\/rvbl.dk\/index.php?rest_route=%2Fwp%2Fv2%2Fcomments&post=34"}],"version-history":[{"count":235,"href":"https:\/\/rvbl.dk\/index.php?rest_route=\/wp\/v2\/pages\/34\/revisions"}],"predecessor-version":[{"id":4607,"href":"https:\/\/rvbl.dk\/index.php?rest_route=\/wp\/v2\/pages\/34\/revisions\/4607"}],"up":[{"embeddable":true,"href":"https:\/\/rvbl.dk\/index.php?rest_route=\/wp\/v2\/pages\/16"}],"wp:attachment":[{"href":"https:\/\/rvbl.dk\/index.php?rest_route=%2Fwp%2Fv2%2Fmedia&parent=34"}],"curies":[{"name":"wp","href":"https:\/\/api.w.org\/{rel}","templated":true}]}}