{"id":38,"date":"2021-07-17T19:51:00","date_gmt":"2021-07-17T18:51:00","guid":{"rendered":"http:\/\/rvbl.dk\/?page_id=38"},"modified":"2025-09-18T16:50:27","modified_gmt":"2025-09-18T15:50:27","slug":"generalforsamling","status":"publish","type":"page","link":"https:\/\/rvbl.dk\/?page_id=38","title":{"rendered":"Generalforsamling"},"content":{"rendered":"<p>Foreningen holder normalt generalforsamling i juli\/august m\u00e5ned, og offentlig g\u00f8r i den forbindelse regnskab og referat i PDF-format.<\/p>\n<p><strong>2025<br \/>\n<a href=\"https:\/\/rvbl.dk\/wp-content\/uploads\/GF-referat-RVBL-2025-underskrevet.pdf\">Referat af ordin\u00e6r generalforsamling<\/a><br \/>\n<a href=\"https:\/\/rvbl.dk\/wp-content\/uploads\/Indkaldelse-til-ordinaer-generalforsamling.pdf\">Indkaldelse til ordin\u00e6r generalforsamling\u00a0<\/a><br \/>\n<a href=\"https:\/\/rvbl.dk\/wp-content\/uploads\/GF-Roervig-By-og-Land-2025-Forslag-1.pdf\">Indkomne forslag\u00a0 \u00a0<\/a><br \/>\n<\/strong><strong><a href=\"https:\/\/rvbl.dk\/wp-content\/uploads\/Regnskab-RVBL-2024.pdf\">Regnskab<\/a><\/strong><\/p>\n<p><strong>2024<br \/>\n<a href=\"https:\/\/rvbl.dk\/wp-content\/uploads\/Referat-Generalforsamling-2024-Underskrevet.pdf\">Referat af ordin\u00e6r generalforsamling<\/a><br \/>\n<\/strong><strong><a href=\"https:\/\/rvbl.dk\/wp-content\/uploads\/Indkaldelse-GF-2024-via-bladet.pdf\">Indkaldelse til\u00a0 ordin\u00e6r generalforsamling<\/a><br \/>\n<a href=\"https:\/\/rvbl.dk\/wp-content\/uploads\/GF-Roervig-By-og-Land-2024-Forslag-1.pdf\">Forslag fra bestyrelsen<\/a><br \/>\n<\/strong><strong><a href=\"https:\/\/rvbl.dk\/wp-content\/uploads\/Regnskab-2023-og-budgetter-24-26.pdf\">Regnskab<\/a><\/strong><\/p>\n<p><strong>2023<br \/>\n<a href=\"https:\/\/rvbl.dk\/wp-content\/uploads\/Underskrevet-referat-XGF-090723.pdf\">Referat af ekstraordin\u00e6r generalforsamling<\/a><br \/>\n<a href=\"https:\/\/rvbl.dk\/wp-content\/uploads\/Indkaldelse-til-ekstra-ordinaer-Generalforsamling-9-juli-202391.pdf\">Indkaldelse til ekstraordin\u00e6r generalforsamling<\/a><br \/>\n<a href=\"https:\/\/rvbl.dk\/wp-content\/uploads\/Ekstraordinaer-GF-9-07-23-Forslag-til-vedtaegter-RVBL-2023-.pdf\">Bilag til ekstraordin\u00e6r generalforsamling<\/a><\/strong><\/p>\n<p><strong><a href=\"https:\/\/rvbl.dk\/wp-content\/uploads\/RVBL-Generalforsamling-2023-Referat-6.pdf\">Referat af ordin\u00e6r general forsamling<\/a><br \/>\n<\/strong><strong><a href=\"https:\/\/rvbl.dk\/wp-content\/uploads\/Indkaldelse-til-gf-2023.pdf\">Indkaldelse til Ordin\u00e6r generalforsamling<\/a><br \/>\n<a href=\"https:\/\/rvbl.dk\/wp-content\/uploads\/Resultatopgoerelse-2022-RBL.pdf\">Regnskab<\/a><br \/>\n<a href=\"https:\/\/rvbl.dk\/wp-content\/uploads\/forslag-fra-medllem.pdf\">Forslag fra medlem<\/a><br \/>\n<a href=\"https:\/\/rvbl.dk\/wp-content\/uploads\/Oplaeg-til-vedtaegter-RVBL-2023.pdf\">Forslag til vedt\u00e6gts\u00e6ndring<\/a><\/strong><\/p>\n<p><strong>2022:<\/strong><br \/>\n<a href=\"https:\/\/rvbl.dk\/wp-content\/uploads\/Protokollat-af-ordinaer-generalforsamling-2022.pdf\">Referat\u00a0<\/a><\/p>\n<p><strong>21. juni 2022<br \/>\nIndkomne forslag fra medlemmerne og bestyrelsens bem\u00e6rkninger<\/strong><\/p>\n<p><strong>Forslag om tr\u00e6-sti<\/strong><br \/>\n<a href=\"https:\/\/rvbl.dk\/wp-content\/uploads\/1.-Forslag-om-traesti.pdf\">Forslag<\/a><br \/>\n<a href=\"https:\/\/rvbl.dk\/wp-content\/uploads\/1.-Bestyrelsens-bemaerkninger-til-forslag-om-traesti.pdf\">Bestyrelsens bem\u00e6rkninger<\/a><\/p>\n<p><strong>Forslag om st\u00f8rre tiltags vedtagelse<br \/>\n<\/strong><a href=\"https:\/\/rvbl.dk\/wp-content\/uploads\/3.-Forslag-om-stoerre-tiltags-vedtagelse.pdf\">Forslag<\/a><br \/>\n<a href=\"https:\/\/rvbl.dk\/wp-content\/uploads\/3.-Bestyrelsens-bemaerkninger-til-forslag-om-stoerre-tiltags-vedtagelse.pdf\">Bestyrelsens bem\u00e6rkninger<\/a><\/p>\n<p><strong>Forslag om afs\u00e6ttelse af enkelte bestyrelsesmedlemmer<br \/>\n<\/strong><a href=\"https:\/\/rvbl.dk\/wp-content\/uploads\/Forslag-om-afsaettelse-af-enkelte-bestyrelsesmedlemmer-2.pdf\">Forslaget<\/a><br \/>\n<a href=\"https:\/\/rvbl.dk\/wp-content\/uploads\/Bestyrelsens-bemaerkninger-til-forslag-om-afsaettelse-af-enkelte-bestyrelsesmedlemmer.pdf\">Bestyrelsens bem\u00e6rkninger<\/a><\/p>\n<p><strong>Forslag om udarbejdelse og fastl\u00e6ggelse af frivillighedspolitik<\/strong><br \/>\n<a href=\"https:\/\/rvbl.dk\/wp-content\/uploads\/4.-Forslag-om-udarbejdelse-og-fastlaeggelse-af-frivillighedspolitik.pdf\">Forslag<\/a><br \/>\n<a href=\"https:\/\/rvbl.dk\/wp-content\/uploads\/4.-Bestyrelsens-bemaerkninger-til-forslag-om-udarbejdelse-og-fastlaeggelse-af-frivillighedpolitik.pdf\">Bestyrelsens bem\u00e6rkninger<\/a><\/p>\n<p><strong>Forslag om organisering af<\/strong><strong> e-mails i foreningsarbejdet<br \/>\n<\/strong><a href=\"https:\/\/rvbl.dk\/wp-content\/uploads\/2.-Forslag-om-organisering-af-foreningens-brug-af-mails-i-foreningsarbejdet.pdf\">Forslag<\/a><br \/>\n<a href=\"https:\/\/rvbl.dk\/wp-content\/uploads\/2.-Bestyrelsens-bemaerkninger-til-forslag-om-organiseringen-af-e-mails-i-foreningsarbejdet.pdf\">Bestyrelsens bem\u00e6rkninger<\/a><\/p>\n<p><strong>Forslag om p\u00e5tale &#8211; A<\/strong><br \/>\n<a href=\"https:\/\/rvbl.dk\/wp-content\/uploads\/5.-RVBL-220629-forslag-A-1.pdf\">Forslag<\/a><br \/>\n<a href=\"https:\/\/rvbl.dk\/wp-content\/uploads\/5.-RVBL-Forslag-A-Bestyrelsens-bemaerkninger.pdf\">Bestyrelsens bem\u00e6rkninger<\/a><\/p>\n<p><strong>Forslag om p\u00e5tale &#8211; B\u00a0<\/strong><br \/>\n<a href=\"https:\/\/rvbl.dk\/wp-content\/uploads\/6.-RVBL-220629-forslag-B.pdf\">Forslag<\/a><br \/>\n<a href=\"https:\/\/rvbl.dk\/wp-content\/uploads\/6.-RVBL-Forslag-B-Bestyrelsens-bemaerkninger.pdf\">Bestyrelsens bem\u00e6rkninger<\/a><\/p>\n<p><strong>Forslag om p\u00e5tale &#8211; C<\/strong><br \/>\n<a href=\"https:\/\/rvbl.dk\/wp-content\/uploads\/7.-RVBL-220629-forslag-C.pdf\">Forslag<\/a><br \/>\n<a href=\"https:\/\/rvbl.dk\/wp-content\/uploads\/7.-RVBL-Forslag-C-bestyrelsens-bemaerkninger.pdf\">Bestyrelsens bem\u00e6rkninger<\/a><\/p>\n<p><strong>Forslag om p\u00e5tale &#8211; D<\/strong><br \/>\n<a href=\"https:\/\/rvbl.dk\/wp-content\/uploads\/8.-RVBL-220629-forslag-D.pdf\">Forslag<\/a><br \/>\n<a href=\"https:\/\/rvbl.dk\/wp-content\/uploads\/8.-RVBL-Forslag-D-Bestyrelsens-bemaerkninger.pdf\">Bestyrelsens bem\u00e6rkninger<\/a><\/p>\n<p><strong>Forslag om sikring af m\u00f8llelauget &#8211; E<\/strong><br \/>\n<a href=\"https:\/\/rvbl.dk\/wp-content\/uploads\/9.-RVBL-220629-forslag-E.pdf\">Forslag<\/a><br \/>\n<a href=\"https:\/\/rvbl.dk\/wp-content\/uploads\/9.-RVBL-Forslag-E-Bestyrelsens-bemaerkninger.pdf\">Bestyrelsens bem\u00e6rkninger<\/a><\/p>\n<p><strong>Forslag om p\u00e5tale &#8211; F<\/strong><br \/>\n<a href=\"https:\/\/rvbl.dk\/wp-content\/uploads\/10.-RVBL-220629-forslag-F.pdf\">Forslag<\/a><br \/>\n<a href=\"https:\/\/rvbl.dk\/wp-content\/uploads\/10.-RVBL-Forslag-F-bestyrelsens-bemaerkninger.pdf\">Bestyrelsens bem\u00e6rkninger<\/a><\/p>\n<p><strong>21. juni 2022 &#8211; Revideret regnskab 2021<br \/>\n<\/strong><a href=\"https:\/\/rvbl.dk\/wp-content\/uploads\/Revideret-regnskab.pdf\">Revideret regnskab 1. april-31. december 2021<\/a><\/p>\n<p><strong>21. juni 2022 &#8211; Budget 2022 og 2023<\/strong><br \/>\n<a href=\"https:\/\/rvbl.dk\/wp-content\/uploads\/REGNSKAB-01.04.2021-31.12.2021-RVBL-TOTAL-m-budget-2023.pdf\">Regnskab inkl. budget 2023<\/a><\/p>\n<p><strong>7.juni 2022 &#8211; Indkaldelse<\/strong><\/p>\n<p><a href=\"https:\/\/rvbl.dk\/wp-content\/uploads\/Indkaldelse-GF-2022-final-7.6.pdf\"><strong>Indkaldelse<\/strong><\/a><br \/>\n<a href=\"https:\/\/rvbl.dk\/wp-content\/uploads\/REGNSKAB-01.04.2021-31.12.2021-RVBL-TOTAL-1-1.pdf\"><strong>Regnskab<\/strong><\/a><\/p>\n<p>2021<br \/>\n<span style=\"color: #008000;\"><a style=\"color: #008000;\" href=\"https:\/\/rvbl.dk\/wp-content\/uploads\/Referat-fra-ekstraordinaer-generalforsamling-27.-august-2021-1.pdf\">Referat ekstraordin\u00e6r generalforsamling<\/a><\/span><br \/>\n<strong><a href=\"https:\/\/rvbl.dk\/wp-content\/uploads\/indkaldelse-gf-2021.pdf\"><span style=\"color: #339966;\">Indkaldelse<\/span><\/a><br \/>\n<a href=\"https:\/\/rvbl.dk\/wp-content\/uploads\/Referat-Generalforsamling-2021-RVBL-2.pdf\"><span style=\"color: #339966;\">Referat<\/span><\/a><\/strong><br \/>\n<strong><a href=\"https:\/\/rvbl.dk\/wp-content\/uploads\/REGNSKAB-2020-2021-RVBL-4-oplaeg-16.-juli-1.pdf\">Regnskab<\/a><\/strong><\/p>\n<p>2020:<br \/>\n<strong><a href=\"https:\/\/rvbl.dk\/wp-content\/uploads\/Generalforsamling-2020-referat.pdf\">Referat<\/a><\/strong><br \/>\n<a href=\"https:\/\/rvbl.dk\/wp-content\/uploads\/RVBL-Beretning-2020.pdf\"><strong>Beretning<\/strong><\/a><br \/>\n<a href=\"https:\/\/rvbl.dk\/wp-content\/uploads\/Regnskab-2019-2020-scaled.jpg\"><strong>Regnskab<\/strong><\/a><\/p>\n<p>2019:<\/p>\n<p><a href=\"http:\/\/rvbl.dk\/wp-content\/uploads\/2019-referat-generalforsamling.pdf\"><strong>Referat<\/strong><\/a><br \/>\n<a href=\"http:\/\/rvbl.dk\/wp-content\/uploads\/RVBLberetning2019.pdf\"><strong>Beretning<\/strong><\/a><br \/>\n<a href=\"http:\/\/rvbl.dk\/wp-content\/uploads\/REGNSKAB-2018-2019.pdf\"><strong>Regnskab<\/strong><\/a><\/p>\n<p>2018:<\/p>\n<p><strong><a href=\"http:\/\/rvbl.dk\/wp-content\/uploads\/Redeg\u00f8relse-for-generalforsamling-24-08-2018.pdf\">Redeg\u00f8relse fra 24. august 2018<br \/>\n<\/a><\/strong><strong><a href=\"http:\/\/rvbl.dk\/wp-content\/uploads\/Ref-10-08-2018.pdf\">Referat\u00a0fra 10. august 2018<br \/>\n<\/a><\/strong><strong><a href=\"http:\/\/rvbl.dk\/wp-content\/uploads\/RVBL-Beretning-GF-2018.pdf\">Beretning<\/a>\u00a0og <a href=\"http:\/\/rvbl.dk\/wp-content\/uploads\/Generalforsamling-10-aug-2018-Pr\u00e6sentation.pdf\">Pr\u00e6sentation<br \/>\n<\/a><\/strong><a title=\"REGNSKAB 2017\/2018\" href=\"http:\/\/rvbl.dk\/wp-content\/uploads\/REGNSKAB-2017-2018-HJEMMESIDE1.pdf\"><strong>Regnskab<\/strong><\/a><\/p>\n<p>2017:<br \/>\n<a href=\"http:\/\/rvbl.dk\/wp-content\/uploads\/RVBLreferat20172.pdf\"><strong>Referat<\/strong><\/a><br \/>\n<a href=\"http:\/\/rvbl.dk\/wp-content\/uploads\/RVBLberetning2017.pdf\"><strong>Beretning<\/strong><\/a><br \/>\n<a title=\"REGNSKAB 2016\/2017\" href=\"http:\/\/rvbl.dk\/wp-content\/uploads\/REGNSKAB-2016-2017-HJEMMESIDE.pdf\"><strong>Regnskab<\/strong><\/a><\/p>\n<p>2016:<br \/>\n<a href=\"http:\/\/rvbl.dk\/wp-content\/uploads\/RVBLreferat2016.pdf\"><strong>Referat<\/strong><\/a><br \/>\n<a href=\"http:\/\/rvbl.dk\/wp-content\/uploads\/RVBLberetning2016.pdf\"><strong>Beretning<\/strong><\/a><br \/>\n<a href=\"http:\/\/rvbl.dk\/wp-content\/uploads\/RVBLregnskab2016.pdf\"><strong>Regnskab<\/strong><\/a><\/p>\n<p>2015:<br \/>\n<a href=\"http:\/\/rvbl.dk\/wp-content\/uploads\/RVBLreferat2015.pdf\" target=\"_blank\" rel=\"noopener noreferrer\"><strong>Referat<\/strong><\/a><br \/>\n<a href=\"http:\/\/rvbl.dk\/wp-content\/uploads\/RVBLberetning2015.pdf\" target=\"_blank\" rel=\"noopener noreferrer\"><strong>Beretning<\/strong><\/a><br \/>\n<a href=\"http:\/\/rvbl.dk\/wp-content\/uploads\/RVBLregnskab2015.pdf\" target=\"_blank\" rel=\"noopener noreferrer\"><strong>Regnskab<\/strong><\/a><\/p>\n<p>2014:<br \/>\n<a href=\"http:\/\/rvbl.dk\/wp-content\/uploads\/RVBLreferat2014.pdf\" target=\"_blank\" rel=\"noopener noreferrer\"><strong>Referat<\/strong><\/a><br \/>\n<a href=\"http:\/\/rvbl.dk\/wp-content\/uploads\/RVBLberetning2014.pdf\" target=\"_blank\" rel=\"noopener noreferrer\"><strong>Beretning<\/strong><\/a><br \/>\n<a href=\"http:\/\/rvbl.dk\/wp-content\/uploads\/RVBLregnskab2014.pdf\" target=\"_blank\" rel=\"noopener noreferrer\"><strong>Regnskab<\/strong><\/a><\/p>\n<p>2013:<br \/>\n<a href=\"http:\/\/rvbl.dk\/wp-content\/uploads\/RVBLreferat2013.pdf\" target=\"_blank\" rel=\"noopener noreferrer\"><strong>Referat<\/strong><\/a><br \/>\n<a href=\"http:\/\/rvbl.dk\/wp-content\/uploads\/RVBLberetning2013.pdf\" target=\"_blank\" rel=\"noopener noreferrer\"><strong>Beretning<\/strong><\/a><\/p>\n<p>2012 (ekstraordin\u00e6r generalforsamling):<br \/>\n<a href=\"http:\/\/rvbl.dk\/wp-content\/uploads\/RVBLreferat2012.pdf\" target=\"_blank\" rel=\"noopener noreferrer\"><strong>Referat<\/strong><\/a><\/p>\n","protected":false},"excerpt":{"rendered":"<p>Foreningen holder normalt generalforsamling i juli\/august m\u00e5ned, og offentlig g\u00f8r i den forbindelse regnskab og referat i PDF-format. 2025 Referat af ordin\u00e6r generalforsamling Indkaldelse til ordin\u00e6r generalforsamling\u00a0 Indkomne forslag\u00a0 \u00a0 Regnskab 2024 Referat af ordin\u00e6r generalforsamling Indkaldelse til\u00a0 ordin\u00e6r generalforsamling Forslag fra bestyrelsen Regnskab 2023 Referat af ekstraordin\u00e6r generalforsamling Indkaldelse til ekstraordin\u00e6r generalforsamling Bilag til &hellip; <a href=\"https:\/\/rvbl.dk\/?page_id=38\" class=\"more-link\">L\u00e6s videre <span class=\"screen-reader-text\">Generalforsamling<\/span> <span class=\"meta-nav\">&rarr;<\/span><\/a><\/p>\n","protected":false},"author":1,"featured_media":0,"parent":16,"menu_order":3,"comment_status":"closed","ping_status":"closed","template":"","meta":{"footnotes":""},"class_list":["post-38","page","type-page","status-publish","hentry"],"_links":{"self":[{"href":"https:\/\/rvbl.dk\/index.php?rest_route=\/wp\/v2\/pages\/38","targetHints":{"allow":["GET"]}}],"collection":[{"href":"https:\/\/rvbl.dk\/index.php?rest_route=\/wp\/v2\/pages"}],"about":[{"href":"https:\/\/rvbl.dk\/index.php?rest_route=\/wp\/v2\/types\/page"}],"author":[{"embeddable":true,"href":"https:\/\/rvbl.dk\/index.php?rest_route=\/wp\/v2\/users\/1"}],"replies":[{"embeddable":true,"href":"https:\/\/rvbl.dk\/index.php?rest_route=%2Fwp%2Fv2%2Fcomments&post=38"}],"version-history":[{"count":115,"href":"https:\/\/rvbl.dk\/index.php?rest_route=\/wp\/v2\/pages\/38\/revisions"}],"predecessor-version":[{"id":4575,"href":"https:\/\/rvbl.dk\/index.php?rest_route=\/wp\/v2\/pages\/38\/revisions\/4575"}],"up":[{"embeddable":true,"href":"https:\/\/rvbl.dk\/index.php?rest_route=\/wp\/v2\/pages\/16"}],"wp:attachment":[{"href":"https:\/\/rvbl.dk\/index.php?rest_route=%2Fwp%2Fv2%2Fmedia&parent=38"}],"curies":[{"name":"wp","href":"https:\/\/api.w.org\/{rel}","templated":true}]}}