{"id":41,"date":"2012-11-21T13:52:20","date_gmt":"2012-11-21T12:52:20","guid":{"rendered":"http:\/\/rvbl.dk\/?page_id=41"},"modified":"2023-07-14T11:11:07","modified_gmt":"2023-07-14T10:11:07","slug":"vedtaegter","status":"publish","type":"page","link":"https:\/\/rvbl.dk\/?page_id=41","title":{"rendered":"Vedt\u00e6gter"},"content":{"rendered":"\n<p><\/p>\n\n\n\n<p class=\"has-medium-font-size\"><\/p>\n\n\n\n<p class=\"has-medium-font-size\"><strong>Bevaringsforeningen R\u00f8rvig By og Land<\/strong>.<br><br><br><strong>\u00a7 1. Foreningens navn<\/strong><br>Bevaringsforeningen R\u00f8rvig By og Land, i daglig tale \u201dR\u00f8rvig By og Land\u201d.<br><br><strong>\u00a7 2. Foreningens hjemsted<\/strong><br>R\u00f8rvig, Odsherred kommune.<br><br><strong>\u00a7 3. Foreningens form\u00e5l<\/strong><br>Foreningens form\u00e5l er at udbrede kendskabet til og sikre de v\u00e6rdier, der har gjort R\u00f8rvig til et attraktivt sted for borgere og landliggere og samtidig bidrage til at sikre rammerne for en b\u00e6redygtig og klimasikret udvikling af lokalsamfundet.<br>Foreningen er aktiv i lokalomr\u00e5det og s\u00f8ger p\u00e5 relevante omr\u00e5der indflydelse p\u00e5 privat og offentlig planl\u00e6gning og forvaltning.<br>Foreningen skal bevare og vedligeholde naturv\u00e6rdierne p\u00e5 foreningens<br>ejendomsbesiddelser og R\u00f8rvig M\u00f8lles kulturhistoriske v\u00e6rdier.<br><br><strong>\u00a7 4. Medlemskab<\/strong><br>4.1. Alle, der g\u00e5r ind for foreningens form\u00e5l, kan blive medlem. Medlemskab af foreningen foruds\u00e6tter betaling og registrering af kontingent.<br>4.2. Ved indmeldelse oplyses e-mailadresse og postadresse. Det p\u00e5hviler medlemmerne til hver en tid at holde foreningen opdateret om g\u00e6ldende e-mailadresse.<br>4.3. Som medlemmer kan optages myndige personer, foreninger, offentlige og private institutioner og virksomheder.<br>4.4. Bestyrelsen kan ekskludere et medlem, der arbejder imod foreningen, og som ikke er valgt til et tillidshverv p\u00e5 en generalforsamling. Det ekskluderede medlem kan skriftligt forlange, at eksklusionen bliver pr\u00f8vet p\u00e5 f\u00f8rstkommende generalforsamling.<br><br><strong>\u00a7 5. Generalforsamlingen<\/strong><br>5.1. Generalforsamlingen er foreningens \u00f8verste myndighed.<br>Forslag til vedt\u00e6gter for R\u00f8rvig By og Land. <br>5.2. Generalforsamlingen indkaldes via e-mail til alle medlemmer eller opslag p\u00e5 foreningens hjemmeside\/Facebook-side med mindst en m\u00e5neds varsel. Indkaldelsen skal indeholde en forel\u00f8big dagsorden, samt en henvisning til hjemmesiden, hvor alle bilag kan findes, herunder foreningens reviderede regnskab og budgetter. Generalforsamlingen<br>afholdes \u00e5rligt inden udgangen af juni august.<br>5.3. Forslag til dagsordenen sendes til bestyrelsen senest 14 dage f\u00f8r og medlemmerne skal have kendskab til den endelige dagsorden senest otte dage f\u00f8r.<br>5.4. Alle medlemmer, der har betalt kontingent, har stemmeret p\u00e5 generalforsamlingen.<br>Ved forfald kan stemmeretten overdrages til et andet medlem ved skriftlig fuldmagt. Et medlem kan repr\u00e6sentere \u00e9t og kun \u00e9t andet medlem ved fuldmagt.<br>5.5. Alle afg\u00f8relser vedtages med simpelt flertal blandt de fremm\u00f8dte \u2013 dog skal vedt\u00e6gts\u00e6ndringer besluttes med 2\/3 flertal og beslutning om foreningens opl\u00f8sning<br>med \u00be flertal (jf. \u00a7\u00a7 11 og 12). Alle afstemninger afg\u00f8res ved h\u00e5ndsopr\u00e6kning. Dog skal der v\u00e6re skriftlig afstemning, hvis dirigenten bestemmer det eller mindst \u00e9t medlem p\u00e5 generalforsamlingen \u00f8nsker det samt ved alle kampvalg.<br>5.6. Generalforsamlingens dagsorden<\/p>\n\n\n\n<ol class=\"wp-block-list\">\n<li>Valg af dirigent og stemmet\u00e6llere<\/li>\n\n\n\n<li>Forpersonens beretning<\/li>\n\n\n\n<li>Beretninger fra foreningens udvalg<\/li>\n\n\n\n<li>Freml\u00e6ggelse af regnskab til godkendelse<\/li>\n\n\n\n<li>Freml\u00e6ggelse af budget og fasts\u00e6ttelse af kontingent<\/li>\n\n\n\n<li>Freml\u00e6ggelse af budgetopl\u00e6g for efterf\u00f8lgende regnskabs\u00e5r<\/li>\n\n\n\n<li>Indkomne forslag<\/li>\n\n\n\n<li>Valg af bestyrelse og suppleant (forskudt for to \u00e5r ad gangen jf. \u00a7 7)<\/li>\n\n\n\n<li>Valg af revisorer og suppleant<\/li>\n\n\n\n<li>Eventuelt.<br>5.8. Bestyrelsen har ansvaret for, at der tages referat af m\u00f8det. Referatet underskrives af dirigent og referent.<br>5.9. Bestyrelsen kan beslutte, at generalforsamlingen helt eller delvist afvikles digitalt, hvis forhold g\u00f8r det umuligt at afvikle  generalforsamlingen som et fysisk m\u00f8de.<br><br><strong>\u00a7 6. Ekstraordin\u00e6r generalforsamling<\/strong><br>6.1. Et flertal i bestyrelsen kan indkalde til en ekstraordin\u00e6r generalforsamling, og bestyrelsen skal indkalde til en ekstraordin\u00e6r generalforsamling n\u00e5r mindst 10% eller 60 af medlemmerne \u00f8nsker det.<br>6.2. Indkaldelsen til den ekstraordin\u00e6re generalforsamling skal ske senest 14 dage efter modtagelsen af beg\u00e6ringen. Med indkaldelsen sendes den endelige dagsorden. Varsling som ved den ordin\u00e6re generalforsamling.<br><br><strong>\u00a7 7. Bestyrelsen<\/strong><br>7.1. Bestyrelsen st\u00e5r for den daglige ledelse af foreningen mellem de \u00e5rlige generalforsamlinger.<br>Forslag til vedt\u00e6gter for R\u00f8rvig By og Land. Ekstra ordin\u00e6r Generalforsamling 9. juli 2023. Side 3 af 4<br>7.2. Bestyrelsen best\u00e5r af ni medlemmer, der efter generalforsamlingen fordeler posterne mellem sig med minimum en forperson, n\u00e6stforperson og en kasserer.<br>7.3. Bestyrelsesmedlemmerne v\u00e6lges forskudt for to \u00e5r ad gangen og kan genv\u00e6lges.<br>7.4. Der v\u00e6lges hvert \u00e5r to suppleanter til bestyrelsen. Hvis et bestyrelsesmedlem forlader bestyrelsen i valgperioden, indtr\u00e6der suppleanten i stedet og bestyrelsen fordeler posterne mellem sig p\u00e5 ny.<br>7.5. Bestyrelsen er beslutningsdygtig, n\u00e5r mindst halvdelen af bestyrelsens medlemmer er til stede.<br>7.6. Der tages referat af bestyrelsens m\u00f8der. Referatet l\u00e6gges op p\u00e5 foreningens hjemmeside, n\u00e5r det er godkendt af bestyrelsen.<br>7.7. Bestyrelsen vedtager en forretningsorden for dets interne samarbejde og for samarbejdet med udvalg og arbejdsgrupper (jf. \u00a7 8).<br><br><strong>\u00a7 8. Udvalg og arbejdsgrupper<\/strong><br>8.1. Bestyrelsen neds\u00e6tter udvalg og arbejdsgrupper til sikring af opfyldelsen af foreningens form\u00e5l og efter behov.<br>8.2. Bestyrelsen udpeger af sin midte forpersonen for hvert udvalg herunder M\u00f8llelauget.<br>8.3. Bestyrelsen har det \u00f8verste ansvar for alle udvalg og arbejdsgrupper. Disse er ansvarlige overfor bestyrelsen i alle sp\u00f8rgsm\u00e5l.<br>8.4. Et M\u00f8llelaug best\u00e5ende af medlemmer af foreningen etableres til at forest\u00e5 aktiviteter samt drift og vedligeholdelse af R\u00f8rvig M\u00f8lle.<br>Lauget refererer til bestyrelsen efter samme retningslinjer som \u00f8vrige udvalg og arbejdsgrupper.<br><br>\u00a7 9. Regnskab\/\u00f8konomi<br>9.1. Regnskabs\u00e5ret er kalender\u00e5ret (regnskabsperioden er 1\/1-31\/12)<br>9.2. Regnskabet f\u00f8res af kassereren og skal indeholde oversigt over indt\u00e6gter og udgifter samt en status. Bestyrelsen er ansvarlig for at udarbejde regnskabet.<br>9.3. Regnskabet forel\u00e6gges bestyrelsen l\u00f8bende samt tilses og revideres af de af generalforsamlingen valgte revisorer.<br><br><strong>\u00a7 10. Dispositionsret<\/strong><br>10.1. Det er forpersonen eller kassereren i forening med et andet bestyrelsesmedlem, der har ret til at indg\u00e5 aftaler p\u00e5 foreningens vegne. Ved salg af fast ejendom skal hele bestyrelsen underskrive aftalen og salget skal bekr\u00e6ftes p\u00e5 en generalforsamling.<br>Bestyrelsen kan give et udvalg eller en person skriftlig fuldmagt til at foretage dispositioner p\u00e5 vegne af foreningen.<br>Forslag til vedt\u00e6gter for R\u00f8rvig By og Land. Ekstra ordin\u00e6r Generalforsamling 9. juli 2023. Side 4 af 4<br>10.2. Der p\u00e5hviler ikke foreningens bestyrelse og medlemmer nogen personlig h\u00e6ftelse for de forpligtelser, der p\u00e5hviler foreningen.<br><br>\u00a7 11. Vedt\u00e6gts\u00e6ndringer<br>\u00c6ndringer af vedt\u00e6gterne kan vedtages p\u00e5 en ordin\u00e6r eller ekstraordin\u00e6r generalforsamling, n\u00e5r forslaget er indsendt til tiden og mindst 2\/3 af de fremm\u00f8dte stemmeberettigede stemmer for forslaget.<br><br><strong>\u00a7 12. Opl\u00f8sning af foreningen<\/strong><br>12.1. Foreningen kan opl\u00f8ses p\u00e5 en ekstraordin\u00e6r generalforsamling, hvor mindst halvdelen af foreningens medlemmer er til stede. Der kr\u00e6ves mindst 3\/4 af de afgivne stemmer for at forslaget kan vedtages. Hvis det n\u00f8dvendige flertal p\u00e5 3\/4 for en opl\u00f8sning opn\u00e5s, men med under halvdelen af medlemmerne til stede, indkaldes til endnu en ekstraordin\u00e6r generalforsamling, hvor beslutning om foreningens opl\u00f8sning kan vedtages med 3\/4 af de afgivne stemmer uanset antallet af fremm\u00f8dte.<br>12.2. Ved opl\u00f8sning af foreningen skal foreningens midler overg\u00e5 til Foreningen By og Land. Denne forening h\u00e6fter dog ikke for et eventuelt underskud.<br>12.3. Vedtaget p\u00e5 generalforsamlingen den 9. juli 2023.<br><br><strong>\u00a7 13. Ikrafttr\u00e6den<\/strong><br>13.1. Disse vedt\u00e6gter tr\u00e6der i kraft den 9. juli 2023<br>13.2. Foreningens vedt\u00e6gter af 1. januar 2022 oph\u00e6ves samtid <\/li>\n<\/ol>\n\n\n\n<p><a href=\"https:\/\/rvbl.dk\/wp-content\/uploads\/Vedtaegter-Roervig-By-og-Land-223.pdf\">download vedt\u00e6gter<\/a><\/p>\n\n\n\n<p><br><\/p>\n","protected":false},"excerpt":{"rendered":"<p>Bevaringsforeningen R\u00f8rvig By og Land. \u00a7 1. Foreningens navnBevaringsforeningen R\u00f8rvig By og Land, i daglig tale \u201dR\u00f8rvig By og Land\u201d. \u00a7 2. Foreningens hjemstedR\u00f8rvig, Odsherred kommune. \u00a7 3. Foreningens form\u00e5lForeningens form\u00e5l er at udbrede kendskabet til og sikre de v\u00e6rdier, der har gjort R\u00f8rvig til et attraktivt sted for borgere og landliggere og samtidig bidrage &hellip; <a href=\"https:\/\/rvbl.dk\/?page_id=41\" class=\"more-link\">L\u00e6s videre <span class=\"screen-reader-text\">Vedt\u00e6gter<\/span> <span class=\"meta-nav\">&rarr;<\/span><\/a><\/p>\n","protected":false},"author":1,"featured_media":0,"parent":16,"menu_order":4,"comment_status":"closed","ping_status":"closed","template":"","meta":{"footnotes":""},"class_list":["post-41","page","type-page","status-publish","hentry"],"_links":{"self":[{"href":"https:\/\/rvbl.dk\/index.php?rest_route=\/wp\/v2\/pages\/41","targetHints":{"allow":["GET"]}}],"collection":[{"href":"https:\/\/rvbl.dk\/index.php?rest_route=\/wp\/v2\/pages"}],"about":[{"href":"https:\/\/rvbl.dk\/index.php?rest_route=\/wp\/v2\/types\/page"}],"author":[{"embeddable":true,"href":"https:\/\/rvbl.dk\/index.php?rest_route=\/wp\/v2\/users\/1"}],"replies":[{"embeddable":true,"href":"https:\/\/rvbl.dk\/index.php?rest_route=%2Fwp%2Fv2%2Fcomments&post=41"}],"version-history":[{"count":13,"href":"https:\/\/rvbl.dk\/index.php?rest_route=\/wp\/v2\/pages\/41\/revisions"}],"predecessor-version":[{"id":3958,"href":"https:\/\/rvbl.dk\/index.php?rest_route=\/wp\/v2\/pages\/41\/revisions\/3958"}],"up":[{"embeddable":true,"href":"https:\/\/rvbl.dk\/index.php?rest_route=\/wp\/v2\/pages\/16"}],"wp:attachment":[{"href":"https:\/\/rvbl.dk\/index.php?rest_route=%2Fwp%2Fv2%2Fmedia&parent=41"}],"curies":[{"name":"wp","href":"https:\/\/api.w.org\/{rel}","templated":true}]}}