{"id":4475,"date":"2025-08-10T11:03:18","date_gmt":"2025-08-10T10:03:18","guid":{"rendered":"https:\/\/rvbl.dk\/?page_id=4475"},"modified":"2025-08-10T12:50:09","modified_gmt":"2025-08-10T11:50:09","slug":"hoeringssvar","status":"publish","type":"page","link":"https:\/\/rvbl.dk\/?page_id=4475","title":{"rendered":"H\u00f8ringssvar"},"content":{"rendered":"\n\n\n<p><a href=\"https:\/\/rvbl.dk\/wp-content\/uploads\/Hoeringssvar-Kommuneplantillaeg-23.pdf\">H\u00f8ringssvar Kommunalplantill\u00e6g 23<\/a><\/p>\n\n\n\n<p><a href=\"https:\/\/rvbl.dk\/wp-content\/uploads\/Hoeringssvar-Lokalplanforslag-2024-06-Telegrafvej.pdf\">H\u00f8ringssvar Lokalplansforslag 24-6 Telegrafvej<\/a><\/p>\n\n\n\n<p><a href=\"https:\/\/rvbl.dk\/wp-content\/uploads\/Hoeringssvar-Oestergade-4-og-Smedestraede-9.pdf\">R\u00f8rvig By og Lands h\u00f8ringssvar vedr\u00f8rende \u00d8stergade 4.<\/a><\/p>\n\n\n\n<p><a href=\"https:\/\/rvbl.dk\/wp-content\/uploads\/RVBL-Hoeringssvar-Kommuneplantillaeg-14-Odsherred-kommune-2.pdf\">H\u00f8ring om Kommuneplantill\u00e6g  14<\/a><\/p>\n\n\n\n<p><a href=\"https:\/\/rvbl.dk\/wp-content\/uploads\/Hoeringssvar-Smedestraede-9-9-juli-2023-RVBL.pdf\">H\u00f8ringssvar Smedestr\u00e6de 9<\/a><\/p>\n\n\n\n<p><\/p>\n","protected":false},"excerpt":{"rendered":"<p>H\u00f8ringssvar Kommunalplantill\u00e6g 23 H\u00f8ringssvar Lokalplansforslag 24-6 Telegrafvej R\u00f8rvig By og Lands h\u00f8ringssvar vedr\u00f8rende \u00d8stergade 4. H\u00f8ring om Kommuneplantill\u00e6g 14 H\u00f8ringssvar Smedestr\u00e6de 9<\/p>\n","protected":false},"author":1,"featured_media":0,"parent":0,"menu_order":0,"comment_status":"closed","ping_status":"closed","template":"","meta":{"footnotes":""},"class_list":["post-4475","page","type-page","status-publish","hentry"],"_links":{"self":[{"href":"https:\/\/rvbl.dk\/index.php?rest_route=\/wp\/v2\/pages\/4475","targetHints":{"allow":["GET"]}}],"collection":[{"href":"https:\/\/rvbl.dk\/index.php?rest_route=\/wp\/v2\/pages"}],"about":[{"href":"https:\/\/rvbl.dk\/index.php?rest_route=\/wp\/v2\/types\/page"}],"author":[{"embeddable":true,"href":"https:\/\/rvbl.dk\/index.php?rest_route=\/wp\/v2\/users\/1"}],"replies":[{"embeddable":true,"href":"https:\/\/rvbl.dk\/index.php?rest_route=%2Fwp%2Fv2%2Fcomments&post=4475"}],"version-history":[{"count":6,"href":"https:\/\/rvbl.dk\/index.php?rest_route=\/wp\/v2\/pages\/4475\/revisions"}],"predecessor-version":[{"id":4489,"href":"https:\/\/rvbl.dk\/index.php?rest_route=\/wp\/v2\/pages\/4475\/revisions\/4489"}],"wp:attachment":[{"href":"https:\/\/rvbl.dk\/index.php?rest_route=%2Fwp%2Fv2%2Fmedia&parent=4475"}],"curies":[{"name":"wp","href":"https:\/\/api.w.org\/{rel}","templated":true}]}}