{"id":47,"date":"2012-11-21T13:53:59","date_gmt":"2012-11-21T12:53:59","guid":{"rendered":"http:\/\/rvbl.dk\/?page_id=47"},"modified":"2023-07-16T17:49:18","modified_gmt":"2023-07-16T16:49:18","slug":"foreningens-ejendomme","status":"publish","type":"page","link":"https:\/\/rvbl.dk\/?page_id=47","title":{"rendered":"Foreningens ejendomme"},"content":{"rendered":"<figure id=\"attachment_178\" aria-describedby=\"caption-attachment-178\" style=\"width: 224px\" class=\"wp-caption alignright\"><a href=\"http:\/\/rvbl.dk\/wp-content\/uploads\/RKortEjend.jpg\"><img loading=\"lazy\" decoding=\"async\" class=\"size-medium wp-image-178\" title=\"RKortEjend\" src=\"http:\/\/rvbl.dk\/wp-content\/uploads\/RKortEjend-224x300.jpg\" alt=\"\" width=\"224\" height=\"300\" srcset=\"https:\/\/rvbl.dk\/wp-content\/uploads\/RKortEjend-224x300.jpg 224w, https:\/\/rvbl.dk\/wp-content\/uploads\/RKortEjend.jpg 297w\" sizes=\"auto, (max-width: 224px) 100vw, 224px\" \/><\/a><figcaption id=\"caption-attachment-178\" class=\"wp-caption-text\">Markering af foreningens ejendomme<\/figcaption><\/figure>\n<p>Foreningen har gennem tiden erhvervet eller modtaget en lang r\u00e6kke omr\u00e5der, hvis naturv\u00e6rdier er sikret og i dag tilg\u00e6ngelige for offentligheden. Nogle er siden overdraget til Nyk\u00f8bing-R\u00f8rvig Kommune (NRK), men vedligeholdelsen af egne omr\u00e5der &#8211; is\u00e6r m\u00f8llen &#8211; varetages prim\u00e6rt af foreningen selv. Midler hertil tilvejebringes fra foreningens kontingentbidrag, medlemmernes frivillige bidrag til naturplejefonden, samt ved tilskud.<\/p>\n<p><strong>A. Solfaldsh\u00f8jen ved Dybes\u00f8<\/strong><br \/>\n<a href=\"http:\/\/rvbl.dk\/?attachment_id=557\" rel=\"attachment wp-att-557\"><img loading=\"lazy\" decoding=\"async\" class=\"alignleft size-medium wp-image-557\" title=\"Solfaldshoej\" src=\"http:\/\/rvbl.dk\/wp-content\/uploads\/Solfaldshoej-300x222.jpg\" alt=\"\" width=\"225\" height=\"166\" srcset=\"https:\/\/rvbl.dk\/wp-content\/uploads\/Solfaldshoej-300x222.jpg 300w, https:\/\/rvbl.dk\/wp-content\/uploads\/Solfaldshoej.jpg 764w\" sizes=\"auto, (max-width: 225px) 100vw, 225px\" \/><\/a>Dybes\u00f8vej 114 A (0,39 ha). Erhvervet 1958 med tilskud fra NRK. P\u00e5lagt fredningsdeklaration samme \u00e5r. Smuk udsigt over Dybes\u00f8 og Kattegat. Trappen blev fornyet i 1986 ved et samarbejde mellem NRK og RNF. Udsigtskile er ved rydninger\/f\u00e6ldninger genetableret i 1996 og i 2003 i samarbejde med NRK. Foreningen har f\u00e6ldet yderligere i 2011,\u00a0 2012 og 2022.<\/p>\n<p><a href=\"http:\/\/rvbl.dk\/?attachment_id=564\" rel=\"attachment wp-att-564\"><img loading=\"lazy\" decoding=\"async\" class=\"alignright size-thumbnail wp-image-564\" title=\"Tangen\" src=\"http:\/\/rvbl.dk\/wp-content\/uploads\/Tangen-150x150.jpg\" alt=\"\" width=\"150\" height=\"150\" \/><\/a><strong>B. Tangen mellem Dybes\u00f8 og Kattegat<\/strong><br \/>\nVed Dybes\u00f8 18 (0,34 ha). Overdraget til RNF i 1938 for et symbolsk bel\u00f8b og p\u00e5lagt fredningsdeklaration for at undg\u00e5 yderligere bebyggelse ud for Dybes\u00f8. Arealet m\u00e5 ikke beplantes og bebygges. P\u00e5 grund af\u00a0ejerskabet har RNF i 1990 i modstrid med nuv\u00e6rende lovgivning m\u00e5ttet medvirke til afholdelse af omkostninger til kystsikringen af sommerhusene ud for Dybes\u00f8. Omr\u00e5det\u00a0er tilg\u00e6ngeligt for offentligheden. Arealet er overdraget til grundejerforeningen.<\/p>\n<p><strong>C. Et kystareal ved Flynders\u00f8<\/strong><br \/>\nKattegat Strandvej 19-21 (oprindelig 0,42 ha). Strandhedeareal. Erhvervet for at hindre yderligere bebyggelse og p\u00e5lagt fredningsdeklaration af RNF i 1963. Arealet er i dag eroderet bort p\u00e5 grund af hvirvler og manglende materialetilf\u00f8rsel som f\u00f8lge af kystbeskyttelsen mod vest.<\/p>\n<p><a href=\"http:\/\/rvbl.dk\/?attachment_id=567\" rel=\"attachment wp-att-567\"><img loading=\"lazy\" decoding=\"async\" class=\"alignright size-thumbnail wp-image-567\" title=\"Ege\" src=\"http:\/\/rvbl.dk\/wp-content\/uploads\/Ege-150x150.jpg\" alt=\"\" width=\"150\" height=\"150\" \/><\/a><strong>D. En gammel egetr\u00e6sskov ved Myntestien<\/strong><br \/>\nMyntestien 6 (0,14 ha). Ejendommen, som omfatter den nordlige del af egeskoven, blev erhvervet i 1987 med tilskud fra NRK. Egeskoven er typisk for de sm\u00e5 bevoksninger der var p\u00e5 \u00f8stsiden af N\u00f8rrevang og bl.a. gav navn til Egeskovg\u00e5rd. Forbud mod bebyggelse og videresalg. Egeskoven skal bevares, men fremmed bevoksning blev fjernet i 1996 , 2008 og 2021.<br \/>\n<a href=\"http:\/\/rvbl.dk\/?attachment_id=568\" rel=\"attachment wp-att-568\"><img loading=\"lazy\" decoding=\"async\" class=\"alignleft size-thumbnail wp-image-568\" title=\"Engen\" src=\"http:\/\/rvbl.dk\/wp-content\/uploads\/Engen-150x150.jpg\" alt=\"\" width=\"150\" height=\"150\" \/><\/a><br \/>\n<strong><br \/>\nE. Et engareal ved Langes\u00f8mose<\/strong><br \/>\nMyntestien 9 (0,55 ha). Erhvervet i 1980 med tilskud fra NRK. Omfattet af Langes\u00f8fredningen. Engarealet er gennem f\u00e6ldninger i 1996 blevet mere lys\u00e5bent.<\/p>\n<p><a href=\"http:\/\/rvbl.dk\/?attachment_id=573\" rel=\"attachment wp-att-573\"><img loading=\"lazy\" decoding=\"async\" class=\"alignright size-thumbnail wp-image-573\" title=\"Trekanten\" src=\"http:\/\/rvbl.dk\/wp-content\/uploads\/Trekanten-150x150.jpg\" alt=\"\" width=\"150\" height=\"150\" \/><\/a><\/p>\n<p><strong>F. Trekanten ved Toldbodvej \/N\u00f8rrevangsvej<\/strong><br \/>\nN\u00f8rrevangsvej 2 (0,1 ha). Erhvervet i 1946. I 1949 p\u00e5lagt deklaration om forbud mod bebyggelse. Grunden er aftalt overdraget vederlagsfrit til kommunen med denne klausul, men handelen er endnu ikke berigtiget. Benyttes og plejes af Odsherred Kommune som parkanl\u00e6g.<br \/>\nArealet er overdraget til Odsherred Kommune.<\/p>\n<p><strong>G. R\u00f8rvig M\u00f8lle<\/strong><br \/>\nS\u00f8ndervangsvej 7. Erhvervet i 1927\/28.<\/p>\n<p>I 1717 n\u00e6vntes der tre sm\u00e5 vindm\u00f8ller i R\u00f8rvig, hvoraf to l\u00e5 p\u00e5 M\u00f8llebakken vest for byen, mens den sidste l\u00e5 p\u00e5 bakken syd for byen. Mens de oprindelige danske m\u00f8ller var stubm\u00f8ller, hvor man drejede hele huset op mod vinden, var de tre gamle R\u00f8rvig-m\u00f8ller s\u00e5kaldte &#8220;lerm\u00f8ller&#8221;, hvor den nederste del var lerklinet, mens man drejede den \u00f8verste del.<\/p>\n<p>Ved den sydlige m\u00f8lle opf\u00f8rtes i 1842 den nuv\u00e6rende &#8220;hollandske&#8221; m\u00f8lle &#8211; dobbelt s\u00e5 stor som den foreg\u00e5ende. For at im\u00f8deg\u00e5 konkurrence k\u00f8bte m\u00f8lleren Niels Pedersen ogs\u00e5 koncessionen p\u00e5 to andre m\u00f8ller, som begge blev nedlagt.<\/p>\n<p>P\u00e5 den hollandske m\u00f8lle er de 18,5 meter lange vinger placeret p\u00e5 m\u00f8llehattens forside, mens kr\u00f8jev\u00e6rket p\u00e5 hattens bagside endte i en lang midterbj\u00e6lke &#8211; svansen. Ved hj\u00e6lp af et spil, som med en k\u00e6de var koblet til svansen, kunne man dreje (kr\u00f8je) m\u00f8llehatten, s\u00e5 vingerne altid endte op mod vinden. Indtil 1907 var hele m\u00f8llen bekl\u00e6dt med tagpap, men i dag fremst\u00e5r den med egesp\u00e5ner overalt.<\/p>\n<p>M\u00f8llen trak tre kv\u00e6rne (skallekv\u00e6rn, melkv\u00e6rn og br\u00e6kkv\u00e6rn &#8211; den sidste til gryn) samt tromlesigte og hejsev\u00e6rk, som stadig kan ses trods nogle manglende aksler. Oprindeligt har der ogs\u00e5 v\u00e6ret gryntromle og en &#8220;bl\u00e6ser&#8221; til at skille agner fra.<\/p>\n<p>Omkring 1924 &#8211; i en periode hvor de fleste gamle m\u00f8ller blev udkonkurreret &#8211; oph\u00f8rte ogs\u00e5 driften af R\u00f8rvig M\u00f8lle, og 17\/11 1928 k\u00f8bte R\u00f8rvig Naturfredningsforening m\u00f8llen, som dengang l\u00e5 frit som byens vartegn<\/p>\n<p>M\u00f8llen er foreningens klenodie, som \u00e9n gang \u00e5rligt \u00e5bnes for offentligheden. I 1976\/77 gennemf\u00f8rte foreningen i et samarbejde med Nationalmuseet en restaurering med fornyelse af vingerne. I 1982 blev kr\u00f8jev\u00e6rket fornyet. M\u00f8llen er senest malet i 1996. I 1999 blev m\u00f8llehattens bekl\u00e6dning fornyet med egesp\u00e5n.<\/p>\n<p>Bidragsydere til vedligeholdelsen i de sidste faser har i s\u00e6rlig grad v\u00e6ret Skov- og Naturstyrelsen og Augustinusfonden, men bidrag er ogs\u00e5 modtaget fra Bevaringsforeningen for R\u00f8rvig Sogn, Knud H\u00f8jg\u00e5rds Fond, Constance Fuhr&#8217;s Fond, Bygningsbevaringsfonden af 1975, Familien Treschow, Nyk\u00f8bing Sj\u00e6lland Tr\u00e6lasthandel, Den Danske Bank og Erik Johansen.<\/p>\n<p>M\u00f8llen er for nuv\u00e6rende under en gennemgribende restaurering,<br \/>\nder kan f\u00f8lges her p\u00e5 hjemmesiden.<\/p>\n<p style=\"font-weight: 400;\">M\u00f8llen har matrikelnr. 68 og har nr. 7.<\/p>\n<p><strong>H. Landarealet ved R\u00f8rvig M\u00f8lle<\/strong><br \/>\nS\u00f8ndervangsvej 5-7 (3,56 ha). Erhvervet i 1997 og samme \u00e5r p\u00e5lagt bevarende deklaration, via tinglyste servitutter, s\u00e5ledes at m\u00f8llens landskabsm\u00e6ssige omgivelser er beskyttet. Hermed er sikringen af det samlede areal fra R\u00f8rvig by til Sogneg\u00e5rden ud mod Isefjorden nu tilsammen med strandbeskyttelsesbestemmelser<wbr \/>ne tilendebragt.<\/p>\n<p style=\"font-weight: 400;\">Arealet matrikelnr. 3r p\u00e5 33.267 kvm har nr.\u00a0<strong>5.<br \/>\n<\/strong>Arealet matrikelnr: 3ao p\u00e5 2.358 kvm ogs\u00e5 har nr.\u00a0<strong>5.<\/strong><\/p>\n<p style=\"font-weight: 400;\">\n<p style=\"font-weight: 400;\">S\u00f8ndervangsvej nr. 9 har matrikelnr. 3o og har intet med foreningen at g\u00f8re. Matriklen har derimod\u00a0<strong><u>p\u00e5taleret<\/u><\/strong>\u00a0i forhold til overholdelse af servitutterne p\u00e5 matriklerne 3r og 3ao.<\/p>\n","protected":false},"excerpt":{"rendered":"<p>Foreningen har gennem tiden erhvervet eller modtaget en lang r\u00e6kke omr\u00e5der, hvis naturv\u00e6rdier er sikret og i dag tilg\u00e6ngelige for offentligheden. Nogle er siden overdraget til Nyk\u00f8bing-R\u00f8rvig Kommune (NRK), men vedligeholdelsen af egne omr\u00e5der &#8211; is\u00e6r m\u00f8llen &#8211; varetages prim\u00e6rt af foreningen selv. Midler hertil tilvejebringes fra foreningens kontingentbidrag, medlemmernes frivillige bidrag til naturplejefonden, samt &hellip; <a href=\"https:\/\/rvbl.dk\/?page_id=47\" class=\"more-link\">L\u00e6s videre <span class=\"screen-reader-text\">Foreningens ejendomme<\/span> <span class=\"meta-nav\">&rarr;<\/span><\/a><\/p>\n","protected":false},"author":1,"featured_media":0,"parent":16,"menu_order":6,"comment_status":"closed","ping_status":"closed","template":"","meta":{"footnotes":""},"class_list":["post-47","page","type-page","status-publish","hentry"],"_links":{"self":[{"href":"https:\/\/rvbl.dk\/index.php?rest_route=\/wp\/v2\/pages\/47","targetHints":{"allow":["GET"]}}],"collection":[{"href":"https:\/\/rvbl.dk\/index.php?rest_route=\/wp\/v2\/pages"}],"about":[{"href":"https:\/\/rvbl.dk\/index.php?rest_route=\/wp\/v2\/types\/page"}],"author":[{"embeddable":true,"href":"https:\/\/rvbl.dk\/index.php?rest_route=\/wp\/v2\/users\/1"}],"replies":[{"embeddable":true,"href":"https:\/\/rvbl.dk\/index.php?rest_route=%2Fwp%2Fv2%2Fcomments&post=47"}],"version-history":[{"count":35,"href":"https:\/\/rvbl.dk\/index.php?rest_route=\/wp\/v2\/pages\/47\/revisions"}],"predecessor-version":[{"id":3969,"href":"https:\/\/rvbl.dk\/index.php?rest_route=\/wp\/v2\/pages\/47\/revisions\/3969"}],"up":[{"embeddable":true,"href":"https:\/\/rvbl.dk\/index.php?rest_route=\/wp\/v2\/pages\/16"}],"wp:attachment":[{"href":"https:\/\/rvbl.dk\/index.php?rest_route=%2Fwp%2Fv2%2Fmedia&parent=47"}],"curies":[{"name":"wp","href":"https:\/\/api.w.org\/{rel}","templated":true}]}}