{"id":55,"date":"2012-11-21T14:02:14","date_gmt":"2012-11-21T13:02:14","guid":{"rendered":"http:\/\/rvbl.dk\/?page_id=55"},"modified":"2026-04-28T18:44:39","modified_gmt":"2026-04-28T17:44:39","slug":"rorvig","status":"publish","type":"page","link":"https:\/\/rvbl.dk\/?page_id=55","title":{"rendered":"100 \u00e5rs arrangementer"},"content":{"rendered":"<figure id=\"attachment_515\" aria-describedby=\"caption-attachment-515\" style=\"width: 300px\" class=\"wp-caption alignright\"><a href=\"http:\/\/rvbl.dk\/?attachment_id=515\" rel=\"attachment wp-att-515\"><img loading=\"lazy\" decoding=\"async\" class=\"size-medium wp-image-515\" title=\"Drachmann H\u00f8jsandet 1\" src=\"http:\/\/rvbl.dk\/wp-content\/uploads\/Drachmann-H\u00f8jsandet-1-300x207.jpg\" alt=\"\" width=\"300\" height=\"207\" srcset=\"https:\/\/rvbl.dk\/wp-content\/uploads\/Drachmann-H\u00f8jsandet-1-300x207.jpg 300w, https:\/\/rvbl.dk\/wp-content\/uploads\/Drachmann-H\u00f8jsandet-1.jpg 1024w\" sizes=\"auto, (max-width: 300px) 100vw, 300px\" \/><\/a><figcaption id=\"caption-attachment-515\" class=\"wp-caption-text\">Holger Drachmanns tegning af H\u00f8jsandet<\/figcaption><\/figure>\n<p>Foreningen besk\u00e6ftiger sig if\u00f8lge vedt\u00e6gterne med R\u00f8rvig-omr\u00e5det, som defineres som det gamle R\u00f8rvig Sogn. Kommer man fra Nyk\u00f8bing begynder sognet med Nakke Lyng lige efter Lyngkroen og omfatter b\u00e5de R\u00f8rvig-halv\u00f8en og\u00a0Nakke-halv\u00f8en.<\/p>\n<p>Siden kunstnerne fik \u00f8je for det barske og s\u00e6rpr\u00e6gede flyvesandsomr\u00e5de i slutningen af 1800-tallet, har det tiltrukket turisterne. Det fik hurtigt tilnavnet Sj\u00e6llands Skagen p\u00e5 grund af det idylliske fiskerleje i de barske omgivelser. Senere blev det den kilometerlange sandstrand, som trak turisterne til. De bosatte sig bag Sandflugtsplantagen, s\u00e5 R\u00f8rvig og Nakke Lyng i dag er groet til som sommerhusomr\u00e5der.\u00a0Det lykkedes ved tidlig fredning at redde kystbr\u00e6mmen, s\u00e5 en del i dag er EU Natura 2000-omr\u00e5de &#8211; og store dele af Nakkeland henligger stadig som bondeland, eller er opk\u00f8bt af staten som naturomr\u00e5der.<\/p>\n<p>Blandingen af en barsk Kattegat-kyst og en blid fjordnatur giver en meget varieret natur, som sammen med de to gamle landsbymilj\u00f8er og havnen tiltr\u00e6kker s\u00e5 mange mennesker, at sognets beboertal mangedobles om sommeren &#8211; med de udfordringer, det indeb\u00e6rer.<\/p>\n<p>De dele af R\u00f8rvig, som foreningen besk\u00e6ftiger sig med,\u00a0beskrives n\u00e6rmere i\u00a0underpunkterne til dette menupunkt.<\/p>\n","protected":false},"excerpt":{"rendered":"<p>Foreningen besk\u00e6ftiger sig if\u00f8lge vedt\u00e6gterne med R\u00f8rvig-omr\u00e5det, som defineres som det gamle R\u00f8rvig Sogn. Kommer man fra Nyk\u00f8bing begynder sognet med Nakke Lyng lige efter Lyngkroen og omfatter b\u00e5de R\u00f8rvig-halv\u00f8en og\u00a0Nakke-halv\u00f8en. Siden kunstnerne fik \u00f8je for det barske og s\u00e6rpr\u00e6gede flyvesandsomr\u00e5de i slutningen af 1800-tallet, har det tiltrukket turisterne. Det fik hurtigt tilnavnet Sj\u00e6llands Skagen &hellip; <a href=\"https:\/\/rvbl.dk\/?page_id=55\" class=\"more-link\">L\u00e6s videre <span class=\"screen-reader-text\">100 \u00e5rs arrangementer<\/span> <span class=\"meta-nav\">&rarr;<\/span><\/a><\/p>\n","protected":false},"author":1,"featured_media":0,"parent":0,"menu_order":3,"comment_status":"closed","ping_status":"closed","template":"","meta":{"footnotes":""},"class_list":["post-55","page","type-page","status-publish","hentry"],"_links":{"self":[{"href":"https:\/\/rvbl.dk\/index.php?rest_route=\/wp\/v2\/pages\/55","targetHints":{"allow":["GET"]}}],"collection":[{"href":"https:\/\/rvbl.dk\/index.php?rest_route=\/wp\/v2\/pages"}],"about":[{"href":"https:\/\/rvbl.dk\/index.php?rest_route=\/wp\/v2\/types\/page"}],"author":[{"embeddable":true,"href":"https:\/\/rvbl.dk\/index.php?rest_route=\/wp\/v2\/users\/1"}],"replies":[{"embeddable":true,"href":"https:\/\/rvbl.dk\/index.php?rest_route=%2Fwp%2Fv2%2Fcomments&post=55"}],"version-history":[{"count":10,"href":"https:\/\/rvbl.dk\/index.php?rest_route=\/wp\/v2\/pages\/55\/revisions"}],"predecessor-version":[{"id":4620,"href":"https:\/\/rvbl.dk\/index.php?rest_route=\/wp\/v2\/pages\/55\/revisions\/4620"}],"wp:attachment":[{"href":"https:\/\/rvbl.dk\/index.php?rest_route=%2Fwp%2Fv2%2Fmedia&parent=55"}],"curies":[{"name":"wp","href":"https:\/\/api.w.org\/{rel}","templated":true}]}}