{"id":59,"date":"2012-11-21T14:05:15","date_gmt":"2012-11-21T13:05:15","guid":{"rendered":"http:\/\/rvbl.dk\/?page_id=59"},"modified":"2012-12-02T21:37:32","modified_gmt":"2012-12-02T20:37:32","slug":"rorvig-2020-plannatur","status":"publish","type":"page","link":"https:\/\/rvbl.dk\/?page_id=59","title":{"rendered":"Plan\/Natur &#8211; R\u00f8rvig 2012"},"content":{"rendered":"<figure id=\"attachment_336\" aria-describedby=\"caption-attachment-336\" style=\"width: 300px\" class=\"wp-caption alignright\"><a href=\"http:\/\/rvbl.dk\/wp-content\/uploads\/I6.jpg\"><img loading=\"lazy\" decoding=\"async\" class=\"size-medium wp-image-336\" title=\"I6\" src=\"http:\/\/rvbl.dk\/wp-content\/uploads\/I6-300x217.jpg\" alt=\"R\u00f8rvigbugten - klik\" width=\"300\" height=\"217\" srcset=\"https:\/\/rvbl.dk\/wp-content\/uploads\/I6-300x217.jpg 300w, https:\/\/rvbl.dk\/wp-content\/uploads\/I6.jpg 820w\" sizes=\"auto, (max-width: 300px) 100vw, 300px\" \/><\/a><figcaption id=\"caption-attachment-336\" class=\"wp-caption-text\">R\u00f8rvig Bugten<\/figcaption><\/figure>\n<p>B\u00e5de R\u00f8rvig Naturfredningsforening (RNF) og Bevaringsforeningen har v\u00e6ret aktive omkring kommunal og statslig planl\u00e6gning af natur og kulturmilj\u00f8 og opf\u00f8lgning af overholdelsen af disse regler &#8211; hvilket er helt afg\u00f8rende i et omr\u00e5de som R\u00f8rvig, hvor den enkeltes \u00f8nsker ofte g\u00e5r p\u00e5 tv\u00e6rs af hensynet til f\u00e6lles natur og kulturmilj\u00f8.<\/p>\n<p><strong>R\u00f8rvig 2012<\/strong><br \/>\nOp til kommunalreformen gik R\u00f8rvig Naturfrednings-forening &#8211; inspireret af samtaler med tidl. borgmester Henry Jakobsen &#8211; i gang med at beskrive R\u00f8rvigs og Nakkes natur i et forslag om naturplanl\u00e6gning, som 27\/11 2005 blev afleveret til Odsherred Milj\u00f8r\u00e5d og 17\/8 2006 til Sammen-l\u00e6gningsudvalgets Teknik- og Milj\u00f8udvalg.<\/p>\n<p>Da R\u00f8rvig Foreningsr\u00e5d blev stiftet p\u00e5 initiativ af Handels- og H\u00e5ndv\u00e6rkerforeningen i 2007, kom RNF&#8217;s opl\u00e6g til at danne basis for Foreningsr\u00e5dets arbejdsgrundlag, R\u00f8rvig 2012, hvor ogs\u00e5 Bevaringsforeningen kom med en r\u00e6kke forslag foranlediget bl.a. af problemer med R\u00f8rvigs lokalplan. R\u00f8rvig 2012 blev vedtaget enstemmigt af Foreningsr\u00e5det og sendt til Byr\u00e5det 27\/5 2007.<\/p>\n<p>R\u00f8rvig 2012, som\u00a0b\u00e5de indeholdt beskrivelse af naturperler og kulturmilj\u00f8 og en r\u00e6kke forslag til fremtiden, har fungeret som retningsgivende for det arbejde, som derefter gik igang. R\u00f8rvig 2012 kan <a href=\"http:\/\/rvbl.dk\/wp-content\/uploads\/Roervig2012.pdf\" target=\"_blank\">downloades i sin helhed i dette link<\/a>, eller der kan l\u00e6ses kort om den nedenfor.<\/p>\n<p><strong>Lokalplanen for R\u00f8rvig By<\/strong><br \/>\nForeningsr\u00e5det startede med kommentarer til Kommuneplanen, hvor en del af elementerne kom med. Samtidig fremsatte man p\u00e5 opfordring et forslag til en ny lokalplan for R\u00f8rvig by med RNF&#8217;s og Bevaringsforeningens forretningsudvalgsmedlemmer som de aktive i processen. Politikerne lyttede og igangsatte et forslag til en ny lokalplan, som var mere vidtr\u00e6kkende end Foreningsr\u00e5dets forslag &#8211; men\u00a0dertil indeholdt visse provokerende elementer, herunder et forslag om oph\u00e6velse af fredningen af Lodsoldermandsg\u00e5rdens have. Efter en r\u00e6kke forhandlinger og en underskriftsindsamling n\u00e5ede man frem til et tilfredsstillende kompromis &#8211; og afslutningsvis blev der grundlag for at takke politikerne for stor lydh\u00f8rhed.<\/p>\n<figure id=\"attachment_365\" aria-describedby=\"caption-attachment-365\" style=\"width: 300px\" class=\"wp-caption alignright\"><a href=\"http:\/\/rvbl.dk\/wp-content\/uploads\/Korshagehede.jpg\"><img loading=\"lazy\" decoding=\"async\" class=\"size-medium wp-image-365\" title=\"Korshagehede\" src=\"http:\/\/rvbl.dk\/wp-content\/uploads\/Korshagehede-300x200.jpg\" alt=\"Korshage - Klik for st\u00f8rre udgave\" width=\"300\" height=\"200\" srcset=\"https:\/\/rvbl.dk\/wp-content\/uploads\/Korshagehede-300x200.jpg 300w, https:\/\/rvbl.dk\/wp-content\/uploads\/Korshagehede-1024x682.jpg 1024w\" sizes=\"auto, (max-width: 300px) 100vw, 300px\" \/><\/a><figcaption id=\"caption-attachment-365\" class=\"wp-caption-text\">Strandhede ved Korshage<\/figcaption><\/figure>\n<p><strong>R\u00f8rvig 2020<\/strong><br \/>\nR\u00f8rvig By og Land g\u00e5r nu i gang med et forslag til revision af R\u00f8rvig 2012 til et R\u00f8rvig 2020, som skal behandles i Foreningsr\u00e5det.<\/p>\n<p><strong>Fredninger<\/strong><br \/>\nR\u00f8rvig har mange naturfredninger, fordi fredningsfolk i R\u00f8rvig Naturfredningsforening og Danmarks Naturfredningsforening tidligt var aktive og samarbejdede for at hindre skadevirkningerne af det voldsomme sommerhusbyggeri. En oversigt over fredningerne kan ses <a title=\"Fredninger\" href=\"http:\/\/rvbl.dk\/?page_id=400\">i dette link<\/a>.<\/p>\n<p style=\"text-align: center;\">&#8211; o &#8211; O &#8211; o &#8211;<\/p>\n<p>Erfaringerne fra samarbejdet med andre foreninger har overbevist os om, at det er vigtigt, at de lange linjer diskuteres i et meget bredt forum som R\u00f8rvig Foreningsr\u00e5d.<\/p>\n<p>&nbsp;<\/p>\n<p style=\"text-align: center;\"><strong>R\u00f8rvig 2012<br \/>\nIndledning til sammendrag.<\/strong><\/p>\n<p style=\"text-align: left;\">&#8220;<em>Hovedv\u00e6gten l\u00e6gges p\u00e5 bevarelsen af de gamle landsby- og fiskermilj\u00f8er og bevarelsen af R\u00f8rvigs og Nakkes natur, som er af afg\u00f8rende v\u00e6rdi for lokalsamfundet og for v\u00e6rdien af R\u00f8rvigs navn for Odsherred.<\/em><\/p>\n<p style=\"text-align: left;\">Der skal derfor ske opstramninger af lokalplanerne, dispensationerne skal oph\u00f8re og anvendelsen af &#8220;salami-metoden&#8221; skal stoppes. Overskridelser skal kr\u00e6ves f\u00f8rt tilbage til lovligt stade.<\/p>\n<p><span style=\"text-decoration: underline;\">Landzone og kyst<\/span><br \/>\nR\u00f8rvigs s\u00e6rkende er hav- og fjordkysterne, hvor den nord\u00f8stlige del af Verdensnaturfonden er fremh\u00e6vet som en af Danmarks 20 mest v\u00e6rdifulde kyststr\u00e6kninger. Kystomr\u00e5derne skal bevares og m\u00e5 ikke sk\u00e6mmes yderligere af byggeri. Ogs\u00e5 de tilbagev\u00e6rende \u00e5bne landomr\u00e5der skal bevares, og det frie udsyn fra vejene mod hav og fjord skal sikres.<\/p>\n<p>Den n\u00f8dvendige naturpleje skal gennemf\u00f8res i de fredede omr\u00e5der, og der skal planl\u00e6gges med henblik p\u00e5 bevarelse af s\u00e6rpr\u00e6g og stor biodiversitet.<\/p>\n<p>Reglerne for bebyggelse skal f\u00f8lges restriktivt i det \u00e5bne land, hvor kun helt n\u00f8dvendige driftsbygninger b\u00f8r opf\u00f8res.<\/p>\n<p>Der skal ligeledes f\u00f8res en restriktiv politik over for juletr\u00e6splantager og lignende afvigelser fra det traditionelle kulturlandskab. Grundejerne b\u00f8r overtales til at undlade disse driftsformer.<\/p>\n<p>Publikums adgang til naturen skal prioriteres h\u00f8jt. Der skal v\u00e6re et attraktivt og sikkert vej- og stisystem for cykelturisme &#8211; med separering af ridestier og gang-\/cyklestier.<\/p>\n<p><span style=\"text-decoration: underline;\">Sommerhuszone<\/span><br \/>\nSommerhuszonen \u00f8nskes ikke udvidet, og nye sommerhusgrunde b\u00f8r ikke v\u00e6re under 2000 m2.<\/p>\n<p>Der \u00f8nskes stramme regler for ejendomme i f\u00f8rste r\u00e6kke mod kysten og naturomr\u00e5derne, mens der for den \u00f8vrige dels vedkommende g\u00e6lder s\u00e6dvanlige regler. Det skal anbefales alle at f\u00f8lge NRK&#8217;s hidtidige plejevejledning.<\/p>\n<p>Der skal v\u00e6re lokalplaner for alle omr\u00e5der, som tilpasses plejevejledningens retningslinier.<\/p>\n<p>Feriekolonierne \u00f8nskes bevaret som feriekolonier eller natur. Anden form for benyttelse m\u00e5 under ingen omst\u00e6ndigheder medf\u00f8re \u00f8get antal etagemeter og Skansehagekoloniens ydre m\u00e5 ikke \u00e6ndres.<\/p>\n<p><span style=\"text-decoration: underline;\">Byzone<\/span><br \/>\nByzonerne skal ikke udvides yderligere. Gr\u00e6nsen mod det \u00e5bne land ligger fremover fast uden etablering af jordbrugsparceller.<\/p>\n<p>Der \u00f8nskes en rolig udvikling i byen, hvor bevarelsen af det idylliske milj\u00f8 og de gamle huse er i h\u00f8js\u00e6det. Fremtidige udstykninger ikke m\u00e5 v\u00e6re under 1000 m2 med kun en bolig pr. matrikel &#8211; dvs. uden t\u00e6t\/lav bebyggelse. Byens gr\u00f8nne pr\u00e6g skal bevares.<\/p>\n<p>De nuv\u00e6rende byplaner strammes op og specificeres &#8211; bl.a. omkring udnyttet tagetage. Den gamle bydel er i dag h\u00f8jt prioriteret med s\u00e6rlige regler, hvor Bevaringsforeningen har h\u00f8ringsret. Denne h\u00f8ringsret og strammere regler b\u00f8r udvides til ogs\u00e5 at omfatte R\u00f8rvigs &#8220;facade&#8221;, dvs. Toldbodvej, havnen, kyststr\u00e6kningen og gr\u00e6nsefladen mod det \u00e5bne land ved m\u00f8llen og H\u00f8jsandet. Nye grundejere skal orienteres om reglerne.<\/p>\n<p>Der b\u00f8r udarbejdes en ny, mere specifik plan for havnen.&#8221;<\/p>\n<p>&nbsp;<\/p>\n","protected":false},"excerpt":{"rendered":"<p>B\u00e5de R\u00f8rvig Naturfredningsforening (RNF) og Bevaringsforeningen har v\u00e6ret aktive omkring kommunal og statslig planl\u00e6gning af natur og kulturmilj\u00f8 og opf\u00f8lgning af overholdelsen af disse regler &#8211; hvilket er helt afg\u00f8rende i et omr\u00e5de som R\u00f8rvig, hvor den enkeltes \u00f8nsker ofte g\u00e5r p\u00e5 tv\u00e6rs af hensynet til f\u00e6lles natur og kulturmilj\u00f8. R\u00f8rvig 2012 Op til kommunalreformen &hellip; <a href=\"https:\/\/rvbl.dk\/?page_id=59\" class=\"more-link\">L\u00e6s videre <span class=\"screen-reader-text\">Plan\/Natur &#8211; R\u00f8rvig 2012<\/span> <span class=\"meta-nav\">&rarr;<\/span><\/a><\/p>\n","protected":false},"author":1,"featured_media":0,"parent":55,"menu_order":2,"comment_status":"closed","ping_status":"closed","template":"","meta":{"footnotes":""},"class_list":["post-59","page","type-page","status-publish","hentry"],"_links":{"self":[{"href":"https:\/\/rvbl.dk\/index.php?rest_route=\/wp\/v2\/pages\/59","targetHints":{"allow":["GET"]}}],"collection":[{"href":"https:\/\/rvbl.dk\/index.php?rest_route=\/wp\/v2\/pages"}],"about":[{"href":"https:\/\/rvbl.dk\/index.php?rest_route=\/wp\/v2\/types\/page"}],"author":[{"embeddable":true,"href":"https:\/\/rvbl.dk\/index.php?rest_route=\/wp\/v2\/users\/1"}],"replies":[{"embeddable":true,"href":"https:\/\/rvbl.dk\/index.php?rest_route=%2Fwp%2Fv2%2Fcomments&post=59"}],"version-history":[{"count":30,"href":"https:\/\/rvbl.dk\/index.php?rest_route=\/wp\/v2\/pages\/59\/revisions"}],"predecessor-version":[{"id":719,"href":"https:\/\/rvbl.dk\/index.php?rest_route=\/wp\/v2\/pages\/59\/revisions\/719"}],"up":[{"embeddable":true,"href":"https:\/\/rvbl.dk\/index.php?rest_route=\/wp\/v2\/pages\/55"}],"wp:attachment":[{"href":"https:\/\/rvbl.dk\/index.php?rest_route=%2Fwp%2Fv2%2Fmedia&parent=59"}],"curies":[{"name":"wp","href":"https:\/\/api.w.org\/{rel}","templated":true}]}}