{"id":61,"date":"2012-11-21T14:05:37","date_gmt":"2012-11-21T13:05:37","guid":{"rendered":"http:\/\/rvbl.dk\/?page_id=61"},"modified":"2015-07-20T14:24:49","modified_gmt":"2015-07-20T13:24:49","slug":"turforslag","status":"publish","type":"page","link":"https:\/\/rvbl.dk\/?page_id=61","title":{"rendered":"Turforslag"},"content":{"rendered":"<figure id=\"attachment_1000\" aria-describedby=\"caption-attachment-1000\" style=\"width: 239px\" class=\"wp-caption alignright\"><a href=\"http:\/\/rvbl.dk\/wp-content\/uploads\/RKortVeje-Stort-2.jpg\" target=\"_blank\"><img loading=\"lazy\" decoding=\"async\" class=\"size-medium wp-image-1000\" title=\"Oversigt over veje og stier - Klik for stioversigt i s\u00e6rskilt billede\" alt=\"\" src=\"http:\/\/rvbl.dk\/wp-content\/uploads\/RKortTure-copy2-239x300.jpg\" width=\"239\" height=\"300\" srcset=\"https:\/\/rvbl.dk\/wp-content\/uploads\/RKortTure-copy2-239x300.jpg 239w, https:\/\/rvbl.dk\/wp-content\/uploads\/RKortTure-copy2.jpg 669w\" sizes=\"auto, (max-width: 239px) 100vw, 239px\" \/><\/a><figcaption id=\"caption-attachment-1000\" class=\"wp-caption-text\">Ture &#8211; Klik for samlet stioversigt<\/figcaption><\/figure>\n<p><strong>Kortet og cykelruterne:<\/strong><br \/>\nR\u00f8rvig og Nakkeland rummer et utal af muligheder for cykel- og g\u00e5ture. P\u00e5 kortet er markeret de vigtigste cykelruter, samt de vigtigste gennemgangsmuligheder for g\u00e5ende, som ikke altid direkte kan afl\u00e6ses af kortene. Hertil kommer kombinationsmulighederne ad de mange private f\u00e6llesveje i sommerhus- og landomr\u00e5der, som principielt er \u00e5bne b\u00e5de for cyklister og g\u00e5ende. For g\u00e5ende g\u00e6lder desuden, at det er tilladt at passere overalt langs strandene &#8211; bortset fra i fuglereservatet i Hovvig. De specifikke regler fremg\u00e5r af Lov om Naturbeskyttelse, kapitel 4. samt den tilh\u00f8rende vejledning.<\/p>\n<p>En decideret beskrivelse af ruterne skulle ikke v\u00e6re n\u00f8dvendig, men vi har udvalgt 10 omr\u00e5der, hvor man kan g\u00e5 ture p\u00e5 2-7 kilometer. Her beskrives naturomr\u00e5dernes karakter mere uddybende nedenfor:<\/p>\n<p>Normalt er ingen af vejene for trafikerede til cykling, idet den trafikerede vej mod Nyk\u00f8bing er forsynet med cykelsti. De fleste cykelruter kan ogs\u00e5 benyttes af g\u00e5ende. De trafikerede bilveje er markeret med en bl\u00e5 streg, mens mindre trafikerede asfaltveje er markeret med bl\u00e5 prikker. \u00d8vrige cykelruter er markeret med en r\u00f8d eller gul streg, mens de str\u00e6kninger som kun egner sig for g\u00e5ende er markeret med r\u00f8de eller gule prikker.<\/p>\n<p>Det samlede grundkort kan ses p\u00e5 dette <a href=\"http:\/\/rvbl.dk\/wp-content\/uploads\/Grundkort.gif\" target=\"_blank\"><b>link<\/b><\/a> med alle stier indf\u00f8jet (Geostyrelsen K25T modificeret af RVBL). <\/p>\n<p>En forst\u00f8rrelse kan hentes ved at klikke p\u00e5 kortene.<\/p>\n<p><strong>1. H\u00f8jsandet<\/strong><br \/>\n<a href=\"http:\/\/rvbl.dk\/wp-content\/uploads\/K25T_Hoejsandet.gif\" target=\"_blank\"><img decoding=\"async\" class=\"alignright size-medium wp-image-1339\" alt=\"H\u00f8jsandet - Klik for st\u00f8rre udgave\" src=\"http:\/\/rvbl.dk\/wp-content\/uploads\/K25T_Hoejsandet-240x300.gif\" height=\"200\" \/><\/a> H\u00f8jsandsstien fra R\u00f8rvig Havn til Dybes\u00f8 er en tur p\u00e5 2 km. Den 15 meter h\u00f8je og 1,4 km lange indlandsklit er dannet i 1400\/1600-tallet under sandflugten, som \u00f8delagde byens Vestervang. B\u00f8nderne opf\u00f8rte successivt nye g\u00e6rder ovenp\u00e5 de gamle for at beskytte N\u00f8rrevang, hvilket f\u00f8rte til dannelsen af klitten. Som det fremg\u00e5r af billederne i &#8220;Mellem Kattegat og Isefjord&#8221; var H\u00f8jsandet i 1800-tallet et yndet motiv for Kyhn, Mols og Drachmann. I dag er omr\u00e5det groet til, men naturskoven p\u00e5 skr\u00e5ningerne har sin egen charme. Der er b\u00e5de sti oven p\u00e5 H\u00f8jsandet og p\u00e5 begge sider, men stien p\u00e5 toppen er ikke cykel-egnet &#8211; og den \u00f8stlige n\u00e6ppe heller.<\/p>\n<p>&nbsp;<\/p>\n<p><strong>2. Sandflugtsplantagen<\/strong><br \/>\n<a href=\"http:\/\/rvbl.dk\/wp-content\/uploads\/K25T_Sandflugtsplantagen.gif\" target=\"_blank\"><img decoding=\"async\" class=\"alignright size-medium wp-image-1342\" alt=\"Sandflugtsplantagen - Klik for st\u00f8rre udgave\" src=\"http:\/\/rvbl.dk\/wp-content\/uploads\/K25T_Sandflugtsplantagen-300x270.gif\" height=\"250\" srcset=\"https:\/\/rvbl.dk\/wp-content\/uploads\/K25T_Sandflugtsplantagen-300x270.gif 300w, https:\/\/rvbl.dk\/wp-content\/uploads\/K25T_Sandflugtsplantagen-1024x922.gif 1024w\" sizes=\"(max-width: 300px) 100vw, 300px\" \/><\/a>Sandflugtsplantagen er oprettet i 1867 af Holb\u00e6k Amt for at forhindre yderligere sandflugt fra klitterne og de flade sandarealer ud for den oprindelige mor\u00e6ne\u00f8 Vestervang, som bl.a. kirken ligger p\u00e5. Plantagen har fungeret efter hensigten, og Skov- og Naturstyrelsen lader nu omr\u00e5det gro til som naturskov, hvor klitterne og klitheden forrest g\u00e5r over i en lav fyrreskov. Bag denne rejste n\u00e5leskovene sig, men l\u00f8vskoven vinder nu mere og mere frem i en sp\u00e6ndende blandingsskov. Skov- og Naturstyrelsen har i 1996 udgivet en vandretursfolder &#8220;R\u00f8rvig Sandflugtsplantage&#8221; med i alt 7 km stier, hvortil der henvises. Den f\u00e5s bl.a. p\u00e5 parkeringspladsen ved Kabelvejen, hvor man ogs\u00e5 finder Sj\u00e6llands bedste badestrand. P\u00e5 de sidste 100 meter langs stranden hen til Dybes\u00f8-tangen \u00f8del\u00e6gges stien af vinterstormene, men med godt fodt\u00f8j kan man passere over stenene.<\/p>\n<p><strong>3. Dybes\u00f8<\/strong><br \/>\n<a href=\"http:\/\/rvbl.dk\/wp-content\/uploads\/K25T_Dybesoe.gif\" target=\"_blank\"><img decoding=\"async\" class=\"alignright size-medium wp-image-1344\" alt=\"Dybes\u00f8 - Klik for st\u00f8rre udgave\" src=\"http:\/\/rvbl.dk\/wp-content\/uploads\/K25T_Dybesoe-219x300.gif\" height=\"200\" \/><\/a> Dybes\u00f8 ligger i dag som en lagunes\u00f8 ud for den gamle stenalderkystskr\u00e6nt. I stenalderen var R\u00f8rvig adskilt fra Odsherred af et sund, hvoraf Hovvig er den sidste rest. Som led i eksamensopgaver i tilknytning til udarbejdelsen af RNF\u2019s bog &#8220;Mellem Kattegat og Isefjord&#8221; unders\u00f8gte K\u00f8benhavns Universitet forholdene med jordradar. Det viste sig, at sundet var blev afsn\u00f8ret af en lang sandbarriere fra Sk\u00e6rby langs den nuv\u00e6rende Kattegatkyst. Dybes\u00f8 og Flynders\u00f8 er de sidste eksempler p\u00e5 lagunerne bag tangen, som ved Dybes\u00f8 kun er 50 meter bred. Der er fri adgang til RNF&#8217;s grund p\u00e5 tangen, hvor der er opsat et par b\u00e6nke. Der er vej eller sti hele vejen rundt om s\u00f8en, og lige nord for det oprindelige Missionskursted er der op ad en trappe adgang til udsigtspunktet Solfaldsh\u00f8j, som ogs\u00e5 ejes af RNF. Der er ikke udsyn over s\u00f8en fra vestsiden, hvor stien g\u00e5r gennem krat og naturskov forkr\u00f8blet af bl\u00e6sten. Den meget yndede tur rundt om Dybes\u00f8 er 1,9 km lang, og den kan kombineres med Sandflugtsplantagen eller H\u00f8jsandet.<\/p>\n<p><strong>4. Korshage<\/strong><br \/>\n<a href=\"http:\/\/rvbl.dk\/wp-content\/uploads\/K25T_Korshage.gif\" target=\"_blank\"><img decoding=\"async\" class=\"alignright size-medium wp-image-1346\" alt=\"Korshage - Klik for st\u00f8rre udgave\" src=\"http:\/\/rvbl.dk\/wp-content\/uploads\/K25T_Korshage-300x228.gif\" height=\"250\" srcset=\"https:\/\/rvbl.dk\/wp-content\/uploads\/K25T_Korshage-300x228.gif 300w, https:\/\/rvbl.dk\/wp-content\/uploads\/K25T_Korshage-1024x778.gif 1024w\" sizes=\"(max-width: 300px) 100vw, 300px\" \/><\/a> Korshage, hvor hav og fjord m\u00f8des, blev fredet i 1940\u2019erne for at hindre en kraftig udstykning. Navnet har sandsynligvis sammenh\u00e6ng med de tr\u00e6kors, som man i gammel tid brugte som s\u00f8m\u00e6rker, men stedet havde i 1500-tallet ogs\u00e5 navnet St. Karings Hoved &#8211; muligvis knyttet til middelalderens valfartssted St. Karens Kilde ved Kildehusene syd for Nyk\u00f8bing. Ogs\u00e5 dette omr\u00e5de er dannet af sandtanger med laguner bagved, hvor Flynders\u00f8 er den sidste rest. De \u00f8vrige laguner er omdannet til strandenge, som Naturstyrelsen i dag lader afgr\u00e6sse, s\u00e5 det \u00e5bne landskab ikke springer i skov. Omr\u00e5det er EU Natura 2000-omr\u00e5de, hvor der er fastlagt regler for, hvilke naturtyper, der skal fremmes. De udbredte klitheder er bl.a. bevokset med lyng, eneb\u00e6r, bromb\u00e6r og forbl\u00e6ste ege og birke, men hybenrosen (rosa rugosa) gyvel og tornblad begynder nu at brede sig, og truer de mere sj\u00e6ldne t\u00f8rbundsplanter. G\u00e5r man ned langs fjordsiden i forsommeren er omr\u00e5det domineret af gule gyvel og tornblad, Det er en dynamisk arbejdende kyst, hvor en ny odde p\u00e5 \u00f8stsiden for 150 \u00e5r siden flyttede kystlinien 100 meter mod \u00f8st. Til geng\u00e6ld eroderes nordsiden, s\u00e5 der de seneste \u00e5r er sket store oversv\u00f8mmelser af engene. Der er adgang til hele omr\u00e5det bortset fra Flynders\u00f8 via en r\u00e6kke trampestier, men nordsiden kan v\u00e6re vanskeligt passabel uden godt fodt\u00f8j.<\/p>\n<p><strong>5. Skansehage<\/strong><br \/>\n<a href=\"http:\/\/rvbl.dk\/wp-content\/uploads\/K25T_Skansehage.gif\" target=\"_blank\"><img decoding=\"async\" class=\"alignright size-medium wp-image-1349\" alt=\"Skansehage - Klik for st\u00f8rre udgave\" src=\"http:\/\/rvbl.dk\/wp-content\/uploads\/K25T_Skansehage-278x300.gif\" height=\"300\" \/><\/a> Da kyststien er sandet flere steder, er Myntestien den hurtigste cykelsti fra Korshage til Skansehage. Den f\u00f8rer forbi RNF&#8217;s egelund og engareal ved Langes\u00f8 Mose og videre langs stenalderens kystskr\u00e6nt over Skansehage Hede med RNF&#8217;s mindesten for kongevalgene. Lagunen Langes\u00f8 var sandsynligvis Is\u00f8re Havn og tinget l\u00e5 if\u00f8lge overleveringen ved skr\u00e6nten nordvest for stenen. At det skulle komme til at ligge 600 meter fra Danmarks nuv\u00e6rende geografiske centrum, som ligger ved udsigtspunktet p\u00e5 Lokkemosevej \u00f8verst p\u00e5 N\u00f8rrevang, er selvf\u00f8lgelig en tilf\u00e6ldighed.<\/p>\n<p>Sommervej f\u00f8rer fra Is\u00f8re Tingvej direkte ned til Skansehage. Skansehage er en ny 800 meter lang oddedannelse, som fortrinsvis er opst\u00e5et indenfor de sidste 400 \u00e5r. I dag er der flere badestrande, og bugten udg\u00f8r en yndet opankringsplads for lystsejlere. Tidligere troede man, at bugten var vikingernes Is\u00f8re Havn. Bugten eksisterede imidlertid slet ikke dengang, s\u00e5 Saxo\u2019s havn og kongeting skal sandsynligvis s\u00f8ges ved Langes\u00f8 og ved skr\u00e6nterne nord for mindestenen &#8211; eller helt andre steder i R\u00f8rvig. Bugten blev til geng\u00e6ld brugt til kanonb\u00e5de under Napoleons-krigene. Den samtidige skanse ses stadig lige \u00f8st for det tidligere Kolera-hospital, mens man knap nok kan ane den 300 meter lange vold, som f\u00f8rte sydp\u00e5 mod et bortskyllet s\u00f8batteri p\u00e5 datidens pynt. Strandmarken er som ved Korshage botanisk interessant, selv om Amtet i \u00f8jeblikket k\u00e6mper med hybenrosen, som truer den \u00f8vrige vegetation. I dag foreg\u00e5r den nye landdannelse ved Skansehage i l\u00e6 for nordvestenvinden i et begyndende fjordmilj\u00f8, som g\u00f8r en tur ad de nedtrampede stier eller langs stranden anderledes end ved Korshage &#8211; men ogs\u00e5 her s\u00e6rdeles attraktiv. Havn, ting, skanser og natur er beskrevet i &#8220;Mellem Kattegat og Isefjord&#8221;.<\/p>\n<p><strong>6. Fjordstien<\/strong><br \/>\n<a href=\"http:\/\/rvbl.dk\/wp-content\/uploads\/K25T_Fjordstien.gif\" target=\"_blank\"><img loading=\"lazy\" decoding=\"async\" class=\"alignright size-medium wp-image-1351\" alt=\"Fjordstien - Klik for st\u00f8rre udgave\" src=\"http:\/\/rvbl.dk\/wp-content\/uploads\/K25T_Fjordstien-213x300.gif\" width=\"213\" height=\"300\" srcset=\"https:\/\/rvbl.dk\/wp-content\/uploads\/K25T_Fjordstien-213x300.gif 213w, https:\/\/rvbl.dk\/wp-content\/uploads\/K25T_Fjordstien-728x1024.gif 728w\" sizes=\"auto, (max-width: 213px) 100vw, 213px\" \/><\/a> Fjordstien f\u00f8rer fra R\u00f8rvig Havn langs det tidligere fiskerleje og markerne frem til de h\u00f8je kystskr\u00e6nter ved Skredbjerg. N\u00e5r vestenvinden g\u00f8r det barskt ved Kattegatkysten, kan man i stedet v\u00e6lge det rolige fjordmilj\u00f8. Ved Str\u00e6det kan man v\u00e6lge en rundtur forbi nogle af landsbyens \u00e6ldre huse, som er bygget, hvor Byb\u00e6kken oprindeligt havde sit tragtformede udl\u00f8b. R\u00f8rvigs \u00e6ldste huse er imidlertid Lodsoldermandsg\u00e5rden ved havnen og &#8220;Peters Hus&#8221; ved supermarkedet, som begge er fredede. Fra Str\u00e6dets s\u00f8ndre vejgren f\u00f8rer en sti op til udsigtspunktet ved R\u00f8rvig M\u00f8lle. Skredbjerg blev bl.a fredet af hensyn til de sj\u00e6ldne urter p\u00e5 skr\u00e6nterne, men da afgr\u00e6sningen er oph\u00f8rt, er selve skr\u00e6nten i dag t\u00e6t bevokset af krat med et rigt fugleliv. Stranden og det flade forland udg\u00f8r stadig en fredelig og idyllisk plet. Ved Skredbjerg er det lettest at g\u00e5 langs stranden, men resten af Fjordstien er en del af den gamle lodssti, der nu som officiel cykelsti f\u00f8rer over Hovvig til Kongs\u00f8re &#8211; og hele vejen rundt om fjorden. Der er udgivet en folder herom, der er opsat plancher ved parkeringspladsen i R\u00f8rvig Havn og der er oprettet en webside herom. Fra havnen er der 3,5 km til Skredbjerg.<\/p>\n<p><strong>7. Nakkehage<\/strong><br \/>\n<a href=\"http:\/\/rvbl.dk\/wp-content\/uploads\/K36T_Nakkehage.gif\" target=\"_blank\"><img decoding=\"async\" class=\"alignright size-medium wp-image-1360\" alt=\"Nakke Hage - Klik for st\u00f8rre udgave\" src=\"http:\/\/rvbl.dk\/wp-content\/uploads\/K36T_Nakkehage-300x295.gif\" height=\"150\" \/><\/a><br \/>\nNakkehage er der adgang til fra den lille parkeringsplads for enden af Nakkehagevej, hvor der er en mindre badestrand. Der f\u00f8rer sti langs stranden b\u00e5de mod \u00f8st og vest. Det f\u00f8rste stykke er trampestierne lette at g\u00e5 ad, og det er muligt at g\u00e5 langs stranden helt frem til henholdsvis Skredbjerg og Hovvig &#8211; omend med besv\u00e6r. Mod Hovvig bliver stien ret hurtigt til stenstrand, og ogs\u00e5 mod Skredbjerg er det vanskeligt at passere Graudebjergg\u00e5rd og det stenede omr\u00e5de ved det sydlige Skredbjerg.<\/p>\n<p>&nbsp;<\/p>\n<p><strong>8. Nakke Skov<\/strong><br \/>\n<a href=\"http:\/\/rvbl.dk\/wp-content\/uploads\/Nat-Nakke-Skov.gif\" target=\"_blank\"><img decoding=\"async\" class=\"alignright size-medium wp-image-1355\" alt=\"Nakke Skov - Klik for st\u00f8rre udgave\" src=\"http:\/\/rvbl.dk\/wp-content\/uploads\/Nat-Nakke-Skov-300x300.gif\" height=\"250\" srcset=\"https:\/\/rvbl.dk\/wp-content\/uploads\/Nat-Nakke-Skov-300x300.gif 300w, https:\/\/rvbl.dk\/wp-content\/uploads\/Nat-Nakke-Skov-150x150.gif 150w\" sizes=\"(max-width: 300px) 100vw, 300px\" \/><\/a><br \/>\nNakke Skov er i 1990\u2019erne plantet p\u00e5 M\u00e5rbjergg\u00e5rds og Brydeg\u00e5rds jorder. Ved samme lejlighed er der genoprettet en del k\u00e6r. Der kan is\u00e6r anbefales en tur til R\u00f8rvig Sogns h\u00f8jeste punkt i skovens syd\u00f8stlige hj\u00f8rne, det 28 meter h\u00f8je M\u00e5rbjerg. Her har Statsskovv\u00e6senet indrettet en \u00e5ben rasteplads ved gravh\u00f8jen med vid udsigt over det sydlige Nakkeland og Isefjorden &#8211; en udsigt som m\u00e5 s\u00f8ges friholdt fremover. Der er anlagt en del stier i skoven. Naturstyrelsen har udgivet en god turfolder<a title=\"Folder\" href=\"http:\/\/naturstyrelsen.dk\/media\/nst\/89770\/Hov%20Vig%20Nakke_131213_Web.pdf\" target=\"_blank\"><strong> (link)<\/strong><\/a> om Nakke Skov, Slettemoseg\u00e5rd og Hov Vig, hvis udf\u00f8rlige kort der henvises til.<\/p>\n<p>&nbsp;<\/p>\n<p><strong>9. Slettemoseg\u00e5rd<\/strong><\/p>\n<p><a href=\"http:\/\/rvbl.dk\/wp-content\/uploads\/Slettemosegaard.jpg\" target=\"_blank\"><img loading=\"lazy\" decoding=\"async\" class=\"alignright size-medium wp-image-1334\" alt=\"Slettemoseg\u00e5rd - Klik for st\u00f8rre udgave\" src=\"http:\/\/rvbl.dk\/wp-content\/uploads\/Slettemosegaard-300x283.jpg\" width=\"300\" height=\"283\" srcset=\"https:\/\/rvbl.dk\/wp-content\/uploads\/Slettemosegaard-300x283.jpg 300w, https:\/\/rvbl.dk\/wp-content\/uploads\/Slettemosegaard-1024x967.jpg 1024w, https:\/\/rvbl.dk\/wp-content\/uploads\/Slettemosegaard.jpg 1063w\" sizes=\"auto, (max-width: 300px) 100vw, 300px\" \/><\/a><br \/>\nSlettemoseg\u00e5rd er administrativt en del af Nakke Skov, men omr\u00e5det skal for st\u00f8rstedelens vedkommende bibeholdes som \u00e5bne overdrev, der flere steder afgr\u00e6sses af k\u00f8er (adgang til indhegningen langs fjorden, som kun afgr\u00e6sses i kortere perioder). Ud mod Hovvig ligger et st\u00f8rre f\u00e5reafgr\u00e6sset omr\u00e5de med lyng og eneb\u00e6rskov (adgang til den sydlige og \u00f8stlige del), og der er stadig en del mindre n\u00e5leskove. Fra Slettrebakke og gravh\u00f8jen ved Sleth\u00f8jg\u00e5rd er der udsigt over omr\u00e5det og over fjorden mod Nyk\u00f8bing og Anneberg-skovene. Senest er et der genetableret store v\u00e5domr\u00e5der, hvor der er ved at komme et rigt fugleliv. Der er flere gang- og ridestier i det smukke og afvekslende omr\u00e5de, som kan anbefales som et modstykke til den barske Kattegat-kyst. Man kan ogs\u00e5 med lidt besv\u00e6r cykle ad stierne. Parkeringspladsen for enden af Hovvigvej er velegnet som udgangspunkt for g\u00e5ture i punkt 9 og 10. Den st\u00f8rste rundtur er p\u00e5 ca. 4 km. Det er dog ogs\u00e5 tilladt at passere videre langs stenstranden til Rish\u00f8jvej forbi de fiskerhuse, som erstattede Nakkes fiskerleje efter indd\u00e6mningen af Hovvig. Folder under pkt. 8.<\/p>\n<p><strong>10. Hovvig<\/strong><br \/>\n<a href=\"http:\/\/rvbl.dk\/wp-content\/uploads\/HovVigNakke-1.gif\" target=\"_blank\"><img decoding=\"async\" class=\"alignright size-medium wp-image-1356\" alt=\"Hovvig - Klik for st\u00f8rre udgave\" src=\"http:\/\/rvbl.dk\/wp-content\/uploads\/HovVigNakke-1-245x300.gif\" height=\"250\" srcset=\"https:\/\/rvbl.dk\/wp-content\/uploads\/HovVigNakke-1-245x300.gif 245w, https:\/\/rvbl.dk\/wp-content\/uploads\/HovVigNakke-1-836x1024.gif 836w\" sizes=\"(max-width: 245px) 100vw, 245px\" \/><\/a><br \/>\nHovvigs indd\u00e6mmede del kommer man lettest til fra samme parkeringsplads for vestenden af Hovvigvej. Folder under pkt. 8. Denne korte tur er ligesom pkt. 6 en del af cykelruten til Kongs\u00f8re. Hovvig er et af Sj\u00e6llands mest interessante fuglereservater, som bedst kan opleves fra vejd\u00e6mningen, der passerer tv\u00e6rs gennem reservatet. Der er b\u00e5de fuglet\u00e5rn og et halvtag med rasteplads ved d\u00e6mningen, hvor der er opstillet plancher om fuglelivet. R\u00f8rvig Fuglestation vejleder af og til bes\u00f8gende, og de l\u00f8bende observationer kan f\u00f8lges p\u00e5 Fuglestationens hjemmeside. P\u00e5 vestsiden er der adgang til skoven nord for vejen, hvor bl.a. den store skarv-koloni ligger ud mod Hovvig. Cykelruten forts\u00e6tter ad \u00d8sterlyngvej til Nyk\u00f8bing, men der er forinden mulighed for cyklister og fodg\u00e6ngere at v\u00e6lge vejen til venstre over det \u00e5bne indd\u00e6mmede omr\u00e5de mod Ringholm og Nyk\u00f8bing Havn. Fuglelivet, naturomr\u00e5derne og naturplejen er beskrevet i &#8220;Mellem Kattegat og Isefjord&#8221;.<\/p>\n<p>Detailkortene er Geostyrelsens DTK25 eller Naturstyrelsens folder. Klik for st\u00f8rre udgave.<\/p>\n","protected":false},"excerpt":{"rendered":"<p>Kortet og cykelruterne: R\u00f8rvig og Nakkeland rummer et utal af muligheder for cykel- og g\u00e5ture. P\u00e5 kortet er markeret de vigtigste cykelruter, samt de vigtigste gennemgangsmuligheder for g\u00e5ende, som ikke altid direkte kan afl\u00e6ses af kortene. Hertil kommer kombinationsmulighederne ad de mange private f\u00e6llesveje i sommerhus- og landomr\u00e5der, som principielt er \u00e5bne b\u00e5de for cyklister &hellip; <a href=\"https:\/\/rvbl.dk\/?page_id=61\" class=\"more-link\">L\u00e6s videre <span class=\"screen-reader-text\">Turforslag<\/span> <span class=\"meta-nav\">&rarr;<\/span><\/a><\/p>\n","protected":false},"author":1,"featured_media":0,"parent":55,"menu_order":5,"comment_status":"closed","ping_status":"closed","template":"","meta":{"footnotes":""},"class_list":["post-61","page","type-page","status-publish","hentry"],"_links":{"self":[{"href":"https:\/\/rvbl.dk\/index.php?rest_route=\/wp\/v2\/pages\/61","targetHints":{"allow":["GET"]}}],"collection":[{"href":"https:\/\/rvbl.dk\/index.php?rest_route=\/wp\/v2\/pages"}],"about":[{"href":"https:\/\/rvbl.dk\/index.php?rest_route=\/wp\/v2\/types\/page"}],"author":[{"embeddable":true,"href":"https:\/\/rvbl.dk\/index.php?rest_route=\/wp\/v2\/users\/1"}],"replies":[{"embeddable":true,"href":"https:\/\/rvbl.dk\/index.php?rest_route=%2Fwp%2Fv2%2Fcomments&post=61"}],"version-history":[{"count":63,"href":"https:\/\/rvbl.dk\/index.php?rest_route=\/wp\/v2\/pages\/61\/revisions"}],"predecessor-version":[{"id":1646,"href":"https:\/\/rvbl.dk\/index.php?rest_route=\/wp\/v2\/pages\/61\/revisions\/1646"}],"up":[{"embeddable":true,"href":"https:\/\/rvbl.dk\/index.php?rest_route=\/wp\/v2\/pages\/55"}],"wp:attachment":[{"href":"https:\/\/rvbl.dk\/index.php?rest_route=%2Fwp%2Fv2%2Fmedia&parent=61"}],"curies":[{"name":"wp","href":"https:\/\/api.w.org\/{rel}","templated":true}]}}