{"id":627,"date":"2012-12-02T09:52:04","date_gmt":"2012-12-02T08:52:04","guid":{"rendered":"http:\/\/rvbl.dk\/?page_id=627"},"modified":"2012-12-02T17:16:22","modified_gmt":"2012-12-02T16:16:22","slug":"byens-gamle-huse","status":"publish","type":"page","link":"https:\/\/rvbl.dk\/?page_id=627","title":{"rendered":"Byens gamle huse"},"content":{"rendered":"<p><img loading=\"lazy\" decoding=\"async\" class=\"size-full wp-image-640 aligncenter\" title=\"stergade_bystvnet\" src=\"http:\/\/rvbl.dk\/wp-content\/uploads\/stergade_bystvnet.jpg\" alt=\"\" width=\"600\" height=\"431\" srcset=\"https:\/\/rvbl.dk\/wp-content\/uploads\/stergade_bystvnet.jpg 600w, https:\/\/rvbl.dk\/wp-content\/uploads\/stergade_bystvnet-300x215.jpg 300w\" sizes=\"auto, (max-width: 600px) 100vw, 600px\" \/><\/p>\n<p><img loading=\"lazy\" decoding=\"async\" class=\"size-full wp-image-632\" title=\"Bystvnet\" src=\"http:\/\/rvbl.dk\/wp-content\/uploads\/Bystvnet2.jpg\" alt=\"\" width=\"600\" height=\"431\" srcset=\"https:\/\/rvbl.dk\/wp-content\/uploads\/Bystvnet2.jpg 600w, https:\/\/rvbl.dk\/wp-content\/uploads\/Bystvnet2-300x215.jpg 300w\" sizes=\"auto, (max-width: 600px) 100vw, 600px\" \/><\/p>\n<p>F\u00e6llesskabets byst\u00e6vne ved bybr\u00f8nden er en rekonstruktion fra 1936 omkring<br \/>\nden gamle midtersten &#8211; bekostet af R\u00f8rvig Naturfredningsforening.<\/p>\n<p><img loading=\"lazy\" decoding=\"async\" class=\"alignleft size-full wp-image-637\" src=\"http:\/\/rvbl.dk\/wp-content\/uploads\/Bystvnet_2.jpg\" alt=\"\" width=\"600\" height=\"469\" srcset=\"https:\/\/rvbl.dk\/wp-content\/uploads\/Bystvnet_2.jpg 600w, https:\/\/rvbl.dk\/wp-content\/uploads\/Bystvnet_2-300x234.jpg 300w\" sizes=\"auto, (max-width: 600px) 100vw, 600px\" \/><\/p>\n<p><img loading=\"lazy\" decoding=\"async\" class=\"alignleft size-full wp-image-637\" src=\"http:\/\/rvbl.dk\/wp-content\/uploads\/stergade12.jpg\" alt=\"\" width=\"600\" height=\"487\" \/><\/p>\n<p><img loading=\"lazy\" decoding=\"async\" class=\"alignleft size-full wp-image-637\" src=\"http:\/\/rvbl.dk\/wp-content\/uploads\/Kastaniegaarden-ca-1950.jpg\" alt=\"\" width=\"600\" height=\"465\" \/><\/p>\n<p><img loading=\"lazy\" decoding=\"async\" class=\"alignleft\" src=\"http:\/\/rvbl.dk\/wp-content\/uploads\/kastaniegaarden-1979.jpg\" alt=\"\" width=\"600\" height=\"465\" \/><\/p>\n<p><img loading=\"lazy\" decoding=\"async\" class=\"alignleft\" src=\"http:\/\/rvbl.dk\/wp-content\/uploads\/stergade_19.jpg\" alt=\"\" width=\"600\" height=\"465\" \/><\/p>\n<p><img loading=\"lazy\" decoding=\"async\" class=\"alignleft\" src=\"http:\/\/rvbl.dk\/wp-content\/uploads\/Kbmandsbutik.jpg\" alt=\"\" width=\"600\" height=\"465\" \/><\/p>\n<p><img loading=\"lazy\" decoding=\"async\" class=\"alignleft size-full wp-image-637\" src=\"http:\/\/rvbl.dk\/wp-content\/uploads\/ves_ga_-gadekaer.jpg\" alt=\"\" width=\"600\" height=\"465\" \/><\/p>\n<p><img loading=\"lazy\" decoding=\"async\" class=\"alignleft\" src=\"http:\/\/rvbl.dk\/wp-content\/uploads\/stergade_25.jpg\" alt=\"\" width=\"600\" height=\"465\" \/><br \/>\n<img loading=\"lazy\" decoding=\"async\" class=\"alignleft\" src=\"http:\/\/rvbl.dk\/wp-content\/uploads\/Smedestraede_8_10.jpg\" alt=\"\" width=\"600\" height=\"465\" \/><br \/>\n<img loading=\"lazy\" decoding=\"async\" class=\"alignleft\" src=\"http:\/\/rvbl.dk\/wp-content\/uploads\/Loevstraedet-3-5-og-7-1979.jpg\" alt=\"\" width=\"600\" height=\"412\" \/><\/p>\n","protected":false},"excerpt":{"rendered":"<p>F\u00e6llesskabets byst\u00e6vne ved bybr\u00f8nden er en rekonstruktion fra 1936 omkring den gamle midtersten &#8211; bekostet af R\u00f8rvig Naturfredningsforening.<\/p>\n","protected":false},"author":1,"featured_media":0,"parent":63,"menu_order":2,"comment_status":"closed","ping_status":"closed","template":"","meta":{"footnotes":""},"class_list":["post-627","page","type-page","status-publish","hentry"],"_links":{"self":[{"href":"https:\/\/rvbl.dk\/index.php?rest_route=\/wp\/v2\/pages\/627","targetHints":{"allow":["GET"]}}],"collection":[{"href":"https:\/\/rvbl.dk\/index.php?rest_route=\/wp\/v2\/pages"}],"about":[{"href":"https:\/\/rvbl.dk\/index.php?rest_route=\/wp\/v2\/types\/page"}],"author":[{"embeddable":true,"href":"https:\/\/rvbl.dk\/index.php?rest_route=\/wp\/v2\/users\/1"}],"replies":[{"embeddable":true,"href":"https:\/\/rvbl.dk\/index.php?rest_route=%2Fwp%2Fv2%2Fcomments&post=627"}],"version-history":[{"count":29,"href":"https:\/\/rvbl.dk\/index.php?rest_route=\/wp\/v2\/pages\/627\/revisions"}],"predecessor-version":[{"id":636,"href":"https:\/\/rvbl.dk\/index.php?rest_route=\/wp\/v2\/pages\/627\/revisions\/636"}],"up":[{"embeddable":true,"href":"https:\/\/rvbl.dk\/index.php?rest_route=\/wp\/v2\/pages\/63"}],"wp:attachment":[{"href":"https:\/\/rvbl.dk\/index.php?rest_route=%2Fwp%2Fv2%2Fmedia&parent=627"}],"curies":[{"name":"wp","href":"https:\/\/api.w.org\/{rel}","templated":true}]}}