{"id":63,"date":"2012-11-21T14:06:28","date_gmt":"2012-11-21T13:06:28","guid":{"rendered":"http:\/\/rvbl.dk\/?page_id=63"},"modified":"2013-01-02T11:20:44","modified_gmt":"2013-01-02T10:20:44","slug":"rorvigbilleder","status":"publish","type":"page","link":"https:\/\/rvbl.dk\/?page_id=63","title":{"rendered":"100 R\u00f8rvig-billeder"},"content":{"rendered":"<p><a href=\"http:\/\/rvbl.dk\/wp-content\/uploads\/Smedestraede_8_102.jpg\"><img loading=\"lazy\" decoding=\"async\" class=\"alignright size-medium wp-image-1182\" title=\"Smedestraede_8_10\" alt=\"\" src=\"http:\/\/rvbl.dk\/wp-content\/uploads\/Smedestraede_8_102-300x195.jpg\" width=\"300\" height=\"215\" \/><\/a>Fotos fra gamle dage:<br \/>\n<a href=\"http:\/\/rvbl.dk\/?page_id=627\">Byens gamle huse<\/a><br \/>\n<a title=\"Strand- og badeliv\" href=\"http:\/\/rvbl.dk\/?page_id=824\">Strand- og badeliv<\/a><br \/>\n<a title=\"Nakke\" href=\"http:\/\/rvbl.dk\/?page_id=835\">Nakke<\/a><br \/>\n<a title=\"Skolerne\" href=\"http:\/\/rvbl.dk\/?page_id=847\">R\u00f8rvigs skoler<\/a><br \/>\n<a title=\"Missionskurstedet\" href=\"http:\/\/rvbl.dk\/?page_id=860\">Missionskurstedet<\/a><br \/>\n<a title=\"Lodsoldermandsg\u00e5rden\" href=\"http:\/\/rvbl.dk\/?page_id=872\">Lodsoldermandsg\u00e5rden<\/a><br \/>\n<a title=\"R\u00f8rvig K\u00f8bmandshandel\" href=\"http:\/\/rvbl.dk\/?page_id=882\">R\u00f8rvig K\u00f8bmandshandel<\/a><br \/>\n<a title=\"R\u00f8rvig Kro\" href=\"http:\/\/rvbl.dk\/?page_id=892\">R\u00f8rvig Kro<\/a><br \/>\n<a title=\"Kirken\" href=\"http:\/\/rvbl.dk\/?page_id=902\">Kirken<\/a><br \/>\n<a title=\"M\u00f8llen\" href=\"http:\/\/rvbl.dk\/?page_id=932\">M\u00f8llen<\/a><br \/>\n<a title=\"Havnen\" href=\"http:\/\/rvbl.dk\/?page_id=938\">Havnen<\/a><\/p>\n<p><strong><br \/>\nNutidens fotos af<br \/>\n<a href=\"http:\/\/rvbl.dk\/?page_id=584\">landskab, natur og kulturmilj\u00f8<\/a><\/strong><br \/>\n<a href=\"http:\/\/rvbl.dk\/wp-content\/uploads\/I61.jpg\"><img loading=\"lazy\" decoding=\"async\" class=\"alignright size-medium wp-image-1180\" title=\"I6\" alt=\"\" src=\"http:\/\/rvbl.dk\/wp-content\/uploads\/I61-300x217.jpg\" width=\"300\" height=\"215\" \/><\/a><\/p>\n","protected":false},"excerpt":{"rendered":"<p>Fotos fra gamle dage: Byens gamle huse Strand- og badeliv Nakke R\u00f8rvigs skoler Missionskurstedet Lodsoldermandsg\u00e5rden R\u00f8rvig K\u00f8bmandshandel R\u00f8rvig Kro Kirken M\u00f8llen Havnen Nutidens fotos af landskab, natur og kulturmilj\u00f8<\/p>\n","protected":false},"author":1,"featured_media":0,"parent":55,"menu_order":4,"comment_status":"closed","ping_status":"closed","template":"","meta":{"footnotes":""},"class_list":["post-63","page","type-page","status-publish","hentry"],"_links":{"self":[{"href":"https:\/\/rvbl.dk\/index.php?rest_route=\/wp\/v2\/pages\/63","targetHints":{"allow":["GET"]}}],"collection":[{"href":"https:\/\/rvbl.dk\/index.php?rest_route=\/wp\/v2\/pages"}],"about":[{"href":"https:\/\/rvbl.dk\/index.php?rest_route=\/wp\/v2\/types\/page"}],"author":[{"embeddable":true,"href":"https:\/\/rvbl.dk\/index.php?rest_route=\/wp\/v2\/users\/1"}],"replies":[{"embeddable":true,"href":"https:\/\/rvbl.dk\/index.php?rest_route=%2Fwp%2Fv2%2Fcomments&post=63"}],"version-history":[{"count":65,"href":"https:\/\/rvbl.dk\/index.php?rest_route=\/wp\/v2\/pages\/63\/revisions"}],"predecessor-version":[{"id":626,"href":"https:\/\/rvbl.dk\/index.php?rest_route=\/wp\/v2\/pages\/63\/revisions\/626"}],"up":[{"embeddable":true,"href":"https:\/\/rvbl.dk\/index.php?rest_route=\/wp\/v2\/pages\/55"}],"wp:attachment":[{"href":"https:\/\/rvbl.dk\/index.php?rest_route=%2Fwp%2Fv2%2Fmedia&parent=63"}],"curies":[{"name":"wp","href":"https:\/\/api.w.org\/{rel}","templated":true}]}}