{"id":65,"date":"2012-11-21T14:06:51","date_gmt":"2012-11-21T13:06:51","guid":{"rendered":"http:\/\/rvbl.dk\/?page_id=65"},"modified":"2020-09-05T22:32:30","modified_gmt":"2020-09-05T21:32:30","slug":"foreningens-udgivelser","status":"publish","type":"page","link":"https:\/\/rvbl.dk\/?page_id=65","title":{"rendered":"Foreningens udgivelser mv.:"},"content":{"rendered":"<figure id=\"attachment_482\" aria-describedby=\"caption-attachment-482\" style=\"width: 300px\" class=\"wp-caption alignright\"><a href=\"http:\/\/rvbl.dk\/?attachment_id=482\" rel=\"attachment wp-att-482\"><img loading=\"lazy\" decoding=\"async\" src=\"http:\/\/rvbl.dk\/wp-content\/uploads\/Lodshuset-300x225.jpg\" alt=\"\" title=\"Lodshuset\" width=\"300\" height=\"225\" class=\"size-medium wp-image-482\" srcset=\"https:\/\/rvbl.dk\/wp-content\/uploads\/Lodshuset-300x225.jpg 300w, https:\/\/rvbl.dk\/wp-content\/uploads\/Lodshuset.jpg 500w\" sizes=\"auto, (max-width: 300px) 100vw, 300px\" \/><\/a><figcaption id=\"caption-attachment-482\" class=\"wp-caption-text\">Foreningens butik &#8211; Lodshuset<\/figcaption><\/figure>\n<p>Et af foreningens form\u00e5l er at formidle viden om R\u00f8rvigs natur,&nbsp;kulturmilj\u00f8 og historie videre &#8211; ikke blot til medlemmerne &#8211; men til alle, der p\u00e5 den ene eller anden m\u00e5de besk\u00e6ftiger sig med R\u00f8rvig.<\/p>\n<p>Derfor har foreningen skrevet en del b\u00f8ger om emner inden for form\u00e5let, ligesom man udgiver bladet R\u00f8rvig By og Land (tidligere Bevar R\u00f8rvig).<\/p>\n<p>I det lille lodshus st\u00e5r bestyrelsens medlemmer i sommerweekenderne og informerer om R\u00f8rvig og foreningen, og s\u00e6lger foreningens udgivelser.<\/p>\n<p>Se n\u00e6rmere i underpunkterne til menupunktet.<\/p>\n","protected":false},"excerpt":{"rendered":"<p>Et af foreningens form\u00e5l er at formidle viden om R\u00f8rvigs natur,&nbsp;kulturmilj\u00f8 og historie videre &#8211; ikke blot til medlemmerne &#8211; men til alle, der p\u00e5 den ene eller anden m\u00e5de besk\u00e6ftiger sig med R\u00f8rvig. Derfor har foreningen skrevet en del b\u00f8ger om emner inden for form\u00e5let, ligesom man udgiver bladet R\u00f8rvig By og Land (tidligere &hellip; <a href=\"https:\/\/rvbl.dk\/?page_id=65\" class=\"more-link\">L\u00e6s videre <span class=\"screen-reader-text\">Foreningens udgivelser mv.:<\/span> <span class=\"meta-nav\">&rarr;<\/span><\/a><\/p>\n","protected":false},"author":1,"featured_media":0,"parent":0,"menu_order":4,"comment_status":"closed","ping_status":"closed","template":"","meta":{"footnotes":""},"class_list":["post-65","page","type-page","status-publish","hentry"],"_links":{"self":[{"href":"https:\/\/rvbl.dk\/index.php?rest_route=\/wp\/v2\/pages\/65","targetHints":{"allow":["GET"]}}],"collection":[{"href":"https:\/\/rvbl.dk\/index.php?rest_route=\/wp\/v2\/pages"}],"about":[{"href":"https:\/\/rvbl.dk\/index.php?rest_route=\/wp\/v2\/types\/page"}],"author":[{"embeddable":true,"href":"https:\/\/rvbl.dk\/index.php?rest_route=\/wp\/v2\/users\/1"}],"replies":[{"embeddable":true,"href":"https:\/\/rvbl.dk\/index.php?rest_route=%2Fwp%2Fv2%2Fcomments&post=65"}],"version-history":[{"count":11,"href":"https:\/\/rvbl.dk\/index.php?rest_route=\/wp\/v2\/pages\/65\/revisions"}],"predecessor-version":[{"id":2727,"href":"https:\/\/rvbl.dk\/index.php?rest_route=\/wp\/v2\/pages\/65\/revisions\/2727"}],"wp:attachment":[{"href":"https:\/\/rvbl.dk\/index.php?rest_route=%2Fwp%2Fv2%2Fmedia&parent=65"}],"curies":[{"name":"wp","href":"https:\/\/api.w.org\/{rel}","templated":true}]}}