{"id":67,"date":"2012-11-21T14:07:30","date_gmt":"2012-11-21T13:07:30","guid":{"rendered":"http:\/\/rvbl.dk\/?page_id=67"},"modified":"2023-12-18T14:45:45","modified_gmt":"2023-12-18T13:45:45","slug":"boger-mv","status":"publish","type":"page","link":"https:\/\/rvbl.dk\/?page_id=67","title":{"rendered":"B\u00f8ger mv."},"content":{"rendered":"\n<p><strong>B\u00d8GER:<\/strong><\/p>\n\n\n\n<p>Kan k\u00f8bes i  Lodshuset, n\u00e5r \u00e5bent ellers ved henvendelse til foreningen.<\/p>\n\n\n<div class=\"wp-block-image\">\n<figure class=\"alignright\"><a href=\"http:\/\/rvbl.dk\/?attachment_id=485\" rel=\"attachment wp-att-485\"><img loading=\"lazy\" decoding=\"async\" width=\"105\" height=\"144\" src=\"http:\/\/rvbl.dk\/wp-content\/uploads\/RNFbog.jpg\" alt=\"\" class=\"wp-image-485\" title=\"RNFbog\"\/><\/a><\/figure>\n<\/div>\n\n\n<p>&#8220;<strong>MELLEM KATTEGAT OG ISEFJORD<\/strong><br>\n<em>&#8211; R\u00f8rvigs natur og kulturhistorie<\/em>&#8220;<br>\nDe 3.000 eksemplarer af R\u00f8rvig Naturfredningsforenings jubil\u00e6umsbog &#8220;Mellem Kattegat og Isefjord&#8221; er udsolgt. V\u00e6rket er p\u00e5 416 sider med 28 selvst\u00e6ndige artikler og 520 billeder og kort, som fort\u00e6ller om R\u00f8rvig Sogns natur og kulturhistorie. Mange af artiklerne omfatter ny forskning, som ikke tidligere har v\u00e6ret publiceret.<br>\nBogens pris kr. 399,- (udsolgt)<\/p>\n\n\n<div class=\"wp-block-image\">\n<figure class=\"alignright\"><a href=\"http:\/\/rvbl.dk\/?attachment_id=494\" rel=\"attachment wp-att-494\"><img loading=\"lazy\" decoding=\"async\" width=\"150\" height=\"150\" src=\"http:\/\/rvbl.dk\/wp-content\/uploads\/Lodsoldermandsgaarden-bog1-150x150.jpg\" alt=\"\" class=\"wp-image-494\" title=\"Lodsoldermandsgaarden bog\"\/><\/a><\/figure>\n<\/div>\n\n\n<p>&#8220;<strong>LODSOLDERMANDSG\u00c5RDEN<\/strong><br> <em>&#8211; anekdoter fra et gammelt toldsted i R\u00f8rvig<\/em>&#8220;<br> af Pernille Rosenstand<br> Bogens pris kr. 50,-<\/p>\n\n\n\n<p><\/p>\n\n\n\n<p><\/p>\n\n\n\n<p><\/p>\n\n\n<div class=\"wp-block-image\">\n<figure class=\"alignright\"><a href=\"http:\/\/rvbl.dk\/?attachment_id=493\" rel=\"attachment wp-att-493\"><img loading=\"lazy\" decoding=\"async\" width=\"150\" height=\"150\" src=\"http:\/\/rvbl.dk\/wp-content\/uploads\/Bogen-sommerhuset1-150x150.jpg\" alt=\"\" class=\"wp-image-493\" title=\"Bogen-sommerhuset\" srcset=\"https:\/\/rvbl.dk\/wp-content\/uploads\/Bogen-sommerhuset1-150x150.jpg 150w, https:\/\/rvbl.dk\/wp-content\/uploads\/Bogen-sommerhuset1.jpg 200w\" sizes=\"auto, (max-width: 150px) 100vw, 150px\" \/><\/a><\/figure>\n<\/div>\n\n\n<p><strong>&#8220;SOMMERHUSET&#8221;<\/strong><br> &#8211; indeholder fort\u00e6llinger om flere huse i Odsherred samt et s\u00e6rligt hus i R\u00f8rvig.<br> Bogens pris kr. 299,-<\/p>\n\n\n\n<p>                 <\/p>\n\n\n\n<p><\/p>\n\n\n\n<p><\/p>\n\n\n<div class=\"wp-block-image\">\n<figure class=\"alignright\"><a href=\"http:\/\/rvbl.dk\/wp-content\/uploads\/HilsenfraR.jpg\"><img decoding=\"async\" src=\"http:\/\/rvbl.dk\/wp-content\/uploads\/HilsenfraR-150x150.jpg\" alt=\"\" class=\"wp-image-502\" title=\"HilsenfraR\"\/><\/a><\/figure>\n<\/div>\n\n\n<p><strong>\u201dHILSEN FRA R\u00d8RVIG\u201d<\/strong><br> R\u00f8rvig Naturfredningsforening og Bevaringsforeningen for R\u00f8rvig Sogn udgav i 2006 denne bog om R\u00f8rvig vist gennem postkort.<br> Bogen er redigeret af Gitte Baess og baserer sig p\u00e5 hendes samling af postkort. Bogen udkom i slutningen af juni 2009 &#8211; kan k\u00f8bes&nbsp; i LODSHUSET p\u00e5 havnen.<br> Bogens pris: kr. 200,-<\/p>\n\n\n\n<p><\/p>\n\n\n\n<p><strong>&#8220;Det gamle R\u00f8rvig&#8221; ogs\u00e5 kaldet &#8220;Registranten&#8221;<\/strong><\/p>\n\n\n<div class=\"wp-block-image\">\n<figure class=\"alignright\"><a href=\"http:\/\/rvbl.dk\/?attachment_id=498\" rel=\"attachment wp-att-498\"><img loading=\"lazy\" decoding=\"async\" width=\"150\" height=\"150\" src=\"http:\/\/rvbl.dk\/wp-content\/uploads\/web-registrant-150x150.jpg\" alt=\"\" class=\"wp-image-498\" title=\"web-registrant\"\/><\/a><\/figure>\n<\/div>\n\n\n<p>Bogen giver ikke blot byen &#8211; R\u00f8rvigs beboere &#8211; men ogs\u00e5 andre interesserede, en orientering om hvilke bygnings &#8211; og milj\u00f8v\u00e6rdier, der ligger gemt i den lille bys boligmasse. \u00d8nsket med bogen har v\u00e6ret, at give de enkelte borgere og deres efterkommere et rigtigt og interessant billede af det historiske forl\u00f8b for de enkelte huse frem til det nuv\u00e6rende udseende, som det er tegnet, fotograferet og beskrevet.<br> Bogens pris: kr. 150,-<\/p>\n\n\n<div class=\"wp-block-image\">\n<figure class=\"alignright\"><a href=\"http:\/\/rvbl.dk\/?attachment_id=497\" rel=\"attachment wp-att-497\"><img loading=\"lazy\" decoding=\"async\" width=\"150\" height=\"150\" src=\"http:\/\/rvbl.dk\/wp-content\/uploads\/en-fiskerdreng-150x150.jpg\" alt=\"\" class=\"wp-image-497\" title=\"en-fiskerdreng\"\/><\/a><\/figure>\n<\/div>\n\n\n<p><strong>&#8220;En fiskerdreng fort\u00e6ller&#8221;<\/strong><br> \u201cEn fiskerdreng fort\u00e6ller\u201d er en hyggelig fort\u00e6lling fra R\u00f8rvig, f\u00f8r verden gik af lave. Send den til en god ven, som har bes\u00f8gt R\u00f8rvig. Brug den som v\u00e6rtindegave eller l\u00e6g den i dit sommerhus og for\u00e6r dine g\u00e6ster bogen, som et varmt minde om R\u00f8rvig.<br> Bogens pris: kr. 50,-<\/p>\n\n\n\n<p class=\"has-medium-font-size\">&#8220;<strong>Vi var engang<\/strong><br>p\u00e5 Lodsoldermandsg\u00e5rden&#8221;<br>Dengang malerne kom til R\u00f8rvig for lysets skyld. Med malerne kom digterne, og med dem komponisterne. Denne bog handler om de mennesker, som levede p\u00e5 den godt 300 \u00e5r gamle g\u00e5rd fra 1940 til 1970.<br>Bogens pris:  kr. 225,-  <\/p>\n\n\n<div class=\"wp-block-image\">\n<figure class=\"aligncenter size-large is-resized\"><img loading=\"lazy\" decoding=\"async\" width=\"1024\" height=\"768\" src=\"https:\/\/rvbl.dk\/wp-content\/uploads\/IMG_0804-2-1024x768.jpg\" alt=\"\" class=\"wp-image-4057\" style=\"aspect-ratio:1.3333333333333333;width:236px;height:auto\" srcset=\"https:\/\/rvbl.dk\/wp-content\/uploads\/IMG_0804-2-1024x768.jpg 1024w, https:\/\/rvbl.dk\/wp-content\/uploads\/IMG_0804-2-300x225.jpg 300w, https:\/\/rvbl.dk\/wp-content\/uploads\/IMG_0804-2-768x576.jpg 768w, https:\/\/rvbl.dk\/wp-content\/uploads\/IMG_0804-2-1536x1152.jpg 1536w, https:\/\/rvbl.dk\/wp-content\/uploads\/IMG_0804-2-2048x1536.jpg 2048w\" sizes=\"auto, (max-width: 1024px) 100vw, 1024px\" \/><\/figure>\n<\/div>\n\n\n<p><\/p>\n\n\n<div class=\"wp-block-image\">\n<figure class=\"alignright\"><a href=\"http:\/\/rvbl.dk\/?attachment_id=500\" rel=\"attachment wp-att-500\"><img loading=\"lazy\" decoding=\"async\" width=\"150\" height=\"150\" src=\"http:\/\/rvbl.dk\/wp-content\/uploads\/kort-net-150x150.jpg\" alt=\"\" class=\"wp-image-500\" title=\"kort-net\"\/><\/a><\/figure>\n<\/div>\n\n\n<p><strong>\u00d8VRIGE VARER<\/strong><br>\n<\/p>\n\n\n\n<p><strong>Postkort<\/strong><br> 5 stk. <\/p>\n\n\n\n<p>dobbelte kort<br> &#8211; med tegninger fra det gamle R\u00f8rvig &#8211; tegnet af Verner Dahl.<br> pris kun kr. 30,-<\/p>\n\n\n\n<p><strong>Sti kort foldet<\/strong>&nbsp; &nbsp; &nbsp; &nbsp;Kr. 100,-<\/p>\n\n\n\n<p><strong>Stikort plano&nbsp;<\/strong>kr. 100,- hos Rammemanden, R\u00f8rvigvej 221<\/p>\n\n\n<div class=\"wp-block-image\">\n<figure class=\"alignright\"><a href=\"http:\/\/rvbl.dk\/?attachment_id=488\" rel=\"attachment wp-att-488\"><img loading=\"lazy\" decoding=\"async\" width=\"103\" height=\"300\" src=\"http:\/\/rvbl.dk\/wp-content\/uploads\/cap_hat_net-103x300.jpg\" alt=\"\" class=\"wp-image-488\" title=\"cap_hat_net\" srcset=\"https:\/\/rvbl.dk\/wp-content\/uploads\/cap_hat_net-103x300.jpg 103w, https:\/\/rvbl.dk\/wp-content\/uploads\/cap_hat_net.jpg 200w\" sizes=\"auto, (max-width: 103px) 100vw, 103px\" \/><\/a><\/figure>\n<\/div>\n\n\n<p><strong>Cap, hat og net<\/strong><br>\nFra LODSHUSET p\u00e5 havnen kan man hen over sommeren og i efter\u00e5rsferien k\u00f8be en praktisk b\u00f8llehat, cap eller l\u00e6rredspose.<\/p>\n\n\n\n<p>Priser:<br> B\u00f8llehat one size kr. 35,-<br> Cap one size kr. 35,-<br> L\u00e6rredspose kr. 45,- 3 stk. kr. 120,-<br> Paraply kr. 95,-<br> Det hele i sort med print i sandfarve og i en rigtig god kvalitet..<\/p>\n\n\n<div class=\"wp-block-image\">\n<figure class=\"alignright\"><a href=\"http:\/\/rvbl.dk\/?attachment_id=510\" rel=\"attachment wp-att-510\"><img loading=\"lazy\" decoding=\"async\" width=\"500\" height=\"686\" src=\"http:\/\/rvbl.dk\/wp-content\/uploads\/Web-plakat.jpg\" alt=\"\" class=\"wp-image-510\" title=\"Web-plakat\" srcset=\"https:\/\/rvbl.dk\/wp-content\/uploads\/Web-plakat.jpg 500w, https:\/\/rvbl.dk\/wp-content\/uploads\/Web-plakat-218x300.jpg 218w\" sizes=\"auto, (max-width: 500px) 100vw, 500px\" \/><\/a><\/figure>\n<\/div>\n\n\n<p><strong>Plakat<\/strong><br>\n&#8211; med akvarel af Verner Dahl og vers af Kaj Hoffmann.<br>\nMotiv: Vestergade &#8211; Efter\u00e5r 1987 &#8211; sen eftermiddag<br>\nPris &#8211; kr. 25,00<\/p>\n","protected":false},"excerpt":{"rendered":"<p>B\u00d8GER: Kan k\u00f8bes i Lodshuset, n\u00e5r \u00e5bent ellers ved henvendelse til foreningen. &#8220;MELLEM KATTEGAT OG ISEFJORD &#8211; R\u00f8rvigs natur og kulturhistorie&#8220; De 3.000 eksemplarer af R\u00f8rvig Naturfredningsforenings jubil\u00e6umsbog &#8220;Mellem Kattegat og Isefjord&#8221; er udsolgt. V\u00e6rket er p\u00e5 416 sider med 28 selvst\u00e6ndige artikler og 520 billeder og kort, som fort\u00e6ller om R\u00f8rvig Sogns natur og &hellip; <a href=\"https:\/\/rvbl.dk\/?page_id=67\" class=\"more-link\">L\u00e6s videre <span class=\"screen-reader-text\">B\u00f8ger mv.<\/span> <span class=\"meta-nav\">&rarr;<\/span><\/a><\/p>\n","protected":false},"author":1,"featured_media":0,"parent":65,"menu_order":1,"comment_status":"closed","ping_status":"closed","template":"","meta":{"footnotes":""},"class_list":["post-67","page","type-page","status-publish","hentry"],"_links":{"self":[{"href":"https:\/\/rvbl.dk\/index.php?rest_route=\/wp\/v2\/pages\/67","targetHints":{"allow":["GET"]}}],"collection":[{"href":"https:\/\/rvbl.dk\/index.php?rest_route=\/wp\/v2\/pages"}],"about":[{"href":"https:\/\/rvbl.dk\/index.php?rest_route=\/wp\/v2\/types\/page"}],"author":[{"embeddable":true,"href":"https:\/\/rvbl.dk\/index.php?rest_route=\/wp\/v2\/users\/1"}],"replies":[{"embeddable":true,"href":"https:\/\/rvbl.dk\/index.php?rest_route=%2Fwp%2Fv2%2Fcomments&post=67"}],"version-history":[{"count":37,"href":"https:\/\/rvbl.dk\/index.php?rest_route=\/wp\/v2\/pages\/67\/revisions"}],"predecessor-version":[{"id":4063,"href":"https:\/\/rvbl.dk\/index.php?rest_route=\/wp\/v2\/pages\/67\/revisions\/4063"}],"up":[{"embeddable":true,"href":"https:\/\/rvbl.dk\/index.php?rest_route=\/wp\/v2\/pages\/65"}],"wp:attachment":[{"href":"https:\/\/rvbl.dk\/index.php?rest_route=%2Fwp%2Fv2%2Fmedia&parent=67"}],"curies":[{"name":"wp","href":"https:\/\/api.w.org\/{rel}","templated":true}]}}